{"id":10,"date":"2009-09-09T13:07:41","date_gmt":"2009-09-09T16:07:41","guid":{"rendered":"http:\/\/www.santanadoitarare.pr.gov.br\/portal\/?p=10"},"modified":"2025-01-04T12:52:47","modified_gmt":"2025-01-04T15:52:47","slug":"dados-gerais","status":"publish","type":"page","link":"https:\/\/www.santanadoitarare.pr.gov.br\/portal\/dados-gerais\/","title":{"rendered":"Dados Gerais do Munic\u00edpio"},"content":{"rendered":"<p><span style=\"font-size: medium; font-family: arial, helvetica, sans-serif;\"><strong style=\"color: windowtext; line-height: 1.5em;\">Localiza\u00e7\u00e3o<\/strong><\/span><\/p>\n<p><span style=\"color: windowtext; font-size: medium; font-family: arial, helvetica, sans-serif;\">O munic\u00edpio est\u00e1 localizado no segundo Planalto Paranaense (Ponta Grossa), na regi\u00e3o nordeste do estado, conhecida como Norte Pioneiro do Paran\u00e1 e a 23\u00ba de latitude sul e 49\u00ba longitude oeste. Fica a 09 Km da divisa entre os Estados do PR\/SP, a 320 Km de Curitiba, a 220 Km de Ponta Grossa, a 230 Km de Londrina e a 367 km de S\u00e3o Paulo (capital).<\/span><\/p>\n<address><a href=\"https:\/\/www.google.com.br\/maps\/place\/Santana+do+Itarar%C3%A9,+PR\/@-23.755496,-49.628677,11234m\/data=!3m1!1e3!4m2!3m1!1s0x94c18dca18af5051:0xdc9283f671552992?hl=pt-BR\" target=\"_blank\" rel=\"noopener\"><span style=\"font-size: medium; font-family: arial, helvetica, sans-serif;\"><img loading=\"lazy\" decoding=\"async\" class=\" size-full wp-image-9 aligncenter\" src=\"http:\/\/www.santanadoitarare.pr.gov.br\/portal\/wp-content\/uploads\/2009\/09\/mapa_localizacao.jpg\" alt=\"\" width=\"304\" height=\"199\" border=\"0\" srcset=\"https:\/\/www.santanadoitarare.pr.gov.br\/portal\/wp-content\/uploads\/2009\/09\/mapa_localizacao.jpg 304w, https:\/\/www.santanadoitarare.pr.gov.br\/portal\/wp-content\/uploads\/2009\/09\/mapa_localizacao-300x196.jpg 300w\" sizes=\"auto, (max-width: 304px) 100vw, 304px\" \/><\/span><\/a><\/address>\n<address style=\"text-align: center;\">\u00a0<span style=\"font-size: medium; font-family: arial, helvetica, sans-serif;\"><a href=\"http:\/\/maps.google.com.br\/maps?q=santana+do+itarare&amp;hl=pt-BR&amp;ie=UTF8&amp;ll=-23.755496,-49.628677&amp;spn=0.081858,0.169086&amp;sll=-23.742926,-49.558468&amp;sspn=0.081866,0.169086&amp;t=h&amp;hnear=Santana+do+Itarar%C3%A9+-+Paran%C3%A1&amp;z=13\" target=\"_blank\" rel=\"noopener\">Ver mapa ampliado<\/a><\/span><\/address>\n<address style=\"text-align: center;\">\u00a0<\/address>\n<p style=\"text-align: center;\"><span style=\"font-size: medium; font-family: arial, helvetica, sans-serif;\"><span style=\"color: #000000;\"><strong>Munic\u00edpios limites <\/strong><\/span><\/span><\/p>\n<address class=\"MsoNormal\" style=\"text-align: center;\"><span style=\"font-size: medium; font-family: arial, helvetica, sans-serif;\"><span style=\"color: #000000;\">S\u00e3o Jos\u00e9 da Boa Vista (PR), Wenceslau Br\u00e1s (PR), Salto do Itarar\u00e9 (PR),<br \/>\n<\/span><span style=\"color: #000000;\">Siqueira Campos (PR), Itaporanga(SP) e Riversul(SP).<br style=\"mso-special-character: line-break;\" \/><strong><br \/>\nDist\u00e2ncias de Santana para:<\/strong><\/span><\/span><\/address>\n<address class=\"MsoNormal\" style=\"text-align: center;\"><span style=\"font-size: medium; font-family: arial, helvetica, sans-serif;\"><span style=\"color: #000000;\"><strong><br \/>\n<\/strong><\/span>LONDRINA &#8211; PR\u00a0\u00a0\u00a0\u00a0\u00a0\u00a0 \u00a0\u00a0\u00a0\u00a0\u00a0\u00a0\u00a0\u00a0\u00a0\u00a0 \u00a0\u00a0\u00a0 240 kM<br \/>\nMARINGA &#8211; PR\u00a0\u00a0\u00a0\u00a0\u00a0\u00a0\u00a0\u00a0\u00a0\u00a0\u00a0\u00a0\u00a0\u00a0\u00a0\u00a0 \u00a0\u00a0\u00a0 \u00a0\u00a0 310 KM<br \/>\nFOZ DE IGUA\u00c7U &#8211; PR\u00a0\u00a0\u00a0\u00a0 \u00a0\u00a0\u00a0\u00a0\u00a0 \u00a0720 KM<br \/>\nPONTA GROSSA &#8211; PR\u00a0\u00a0 \u00a0\u00a0\u00a0\u00a0 \u00a0\u00a0\u00a0 210 KM<br \/>\nCURITIBA -PR\u00a0\u00a0\u00a0\u00a0\u00a0\u00a0\u00a0\u00a0\u00a0\u00a0\u00a0\u00a0\u00a0\u00a0\u00a0\u00a0\u00a0\u00a0\u00a0 \u00a0\u00a0\u00a0\u00a0 325 KM<br \/>\nPARANAGUA &#8211; PR\u00a0\u00a0\u00a0\u00a0\u00a0 \u00a0\u00a0\u00a0\u00a0\u00a0\u00a0\u00a0 \u00a0\u00a0\u00a0 425 KM<br \/>\nMAT\u00c3O &#8211; SP\u00a0\u00a0\u00a0\u00a0\u00a0\u00a0\u00a0\u00a0\u00a0\u00a0\u00a0\u00a0\u00a0\u00a0\u00a0\u00a0\u00a0\u00a0 \u00a0\u00a0\u00a0\u00a0\u00a0\u00a0 \u00a0 330 KM<br \/>\nSOROCABA &#8211; SP\u00a0\u00a0\u00a0\u00a0\u00a0\u00a0\u00a0\u00a0\u00a0 \u00a0\u00a0\u00a0\u00a0\u00a0 \u00a0\u00a0 \u00a0 275 KM<br \/>\nS\u00c3O PAULO &#8211; SP\u00a0\u00a0\u00a0\u00a0\u00a0\u00a0\u00a0\u00a0\u00a0 \u00a0\u00a0\u00a0\u00a0\u00a0 \u00a0\u00a0\u00a0 380 KM<br \/>\nSANTOS &#8211; SP\u00a0\u00a0\u00a0\u00a0\u00a0\u00a0\u00a0\u00a0\u00a0\u00a0\u00a0\u00a0\u00a0\u00a0\u00a0\u00a0\u00a0\u00a0\u00a0\u00a0\u00a0\u00a0\u00a0 \u00a0 445 KM<br \/>\n<\/span><\/address>\n<p>&nbsp;<\/p>\n<p><span style=\"font-size: medium; font-family: arial, helvetica, sans-serif; color: #000000;\"><strong>Popula\u00e7\u00e3o Total: <\/strong><span style=\"font-size: medium; font-family: arial, helvetica, sans-serif;\"><span style=\"color: #000000;\">5.514 habitantes (Censo 2022)<\/span><\/span><\/span><\/p>\n<p class=\"MsoNormal\" style=\"margin: 0cm 0cm 0pt;\"><span style=\"font-size: medium; font-family: arial, helvetica, sans-serif;\">\u00a0<\/span><\/p>\n<p class=\"MsoNormal\" style=\"margin: 0cm 0cm 0pt;\"><span style=\"font-size: medium; font-family: arial, helvetica, sans-serif;\"><span style=\"color: #000000;\"><strong>Caracter\u00edsticas geogr\u00e1ficas<\/strong> <\/span><\/span><\/p>\n<p class=\"MsoNormal\" style=\"margin: 0cm 0cm 0pt;\"><span style=\"font-size: medium; font-family: arial, helvetica, sans-serif;\"><span style=\"color: #000000;\">Possui uma \u00e1rea de 251 km\u00b2, representando 0.1261% do estado, 0.0446% da regi\u00e3o e 0.003% de todo o territ\u00f3rio brasileiro. Localiza-se a uma latitude 24\u00ba06&#8217;45&#8221; sul e a uma longitude 49\u00ba19&#8217;54&#8221; oeste, estando a uma altitude de 545 metros. Sua popula\u00e7\u00e3o estimada em 2007 era de 6.138 habitantes.<\/span><\/span><\/p>\n<p class=\"MsoNormal\" style=\"margin: 0cm 0cm 0pt;\"><span style=\"font-size: medium; font-family: arial, helvetica, sans-serif;\">\u00a0<\/span><\/p>\n<p class=\"MsoNormal\" style=\"margin: 0cm 0cm 0pt; padding-left: 30px;\"><span style=\"font-size: medium; font-family: arial, helvetica, sans-serif;\"><span style=\"color: #000000;\"><strong>Hidrografia<\/strong><\/span><\/span><\/p>\n<p class=\"MsoNormal\" style=\"margin: 0cm 0cm 0pt; padding-left: 30px;\"><span style=\"font-size: medium; font-family: arial, helvetica, sans-serif;\"><span style=\"color: #000000;\">Santana do Itarar\u00e9, possui uma rede hidrogr\u00e1fica vasta e complexa, na qual todos os rios, ribeir\u00f5es e riachos correm em dire\u00e7\u00e3o ao <\/span><a title=\"Rio Itarar\u00e9\" href=\"http:\/\/pt.wikipedia.org\/wiki\/Rio_Itarar\u00e9\"><span style=\"color: windowtext;\">Rio Itarar\u00e9<\/span><\/a><span style=\"color: #000000;\"> que \u00e9 o rio que serve de divisa entre os estados do Paran\u00e1 e S\u00e3o Paulo. <\/span><\/span><\/p>\n<p class=\"MsoNormal\" style=\"margin: 0cm 0cm 0pt; padding-left: 30px;\"><span style=\"font-size: medium; font-family: arial, helvetica, sans-serif;\">\u00a0<\/span><\/p>\n<p class=\"MsoNormal\" style=\"margin: 0cm 0cm 0pt; padding-left: 30px;\"><span style=\"font-size: medium; font-family: arial, helvetica, sans-serif;\"><span style=\"color: #000000;\"><strong>Clima<\/strong><\/span><\/span><\/p>\n<p class=\"MsoNormal\" style=\"margin: 0cm 0cm 0pt; padding-left: 30px;\"><span style=\"font-size: medium; font-family: arial, helvetica, sans-serif;\"><span style=\"color: #000000;\">Subtropical \u00famido mesot\u00e9rmico, com ver\u00f5es quentes e geadas pouco freq\u00fcentes, com tend\u00eancia de concentra\u00e7\u00e3o das chuvas nos meses de ver\u00e3o, sem esta\u00e7\u00e3o seca definida. A m\u00e9dia das temperaturas dos meses mais quentes \u00e9 superior a 22\u00ba graus C e a dos meses mais frios \u00e9 inferior a 18\u00ba graus C.<\/span><\/span><\/p>\n<p class=\"MsoNormal\" style=\"margin: 0cm 0cm 0pt; padding-left: 30px;\"><span style=\"font-size: medium; font-family: arial, helvetica, sans-serif;\">\u00a0<\/span><\/p>\n<p class=\"MsoNormal\" style=\"margin: 0cm 0cm 0pt; padding-left: 30px;\"><span style=\"font-size: medium; font-family: arial, helvetica, sans-serif;\"><span style=\"color: #000000;\"><strong>Relevo<\/strong><\/span><\/span><\/p>\n<p class=\"MsoNormal\" style=\"margin: 0cm 0cm 0pt; padding-left: 30px;\"><span style=\"font-size: medium; font-family: arial, helvetica, sans-serif;\"><span style=\"color: #000000;\">O munic\u00edpio apresenta um relevo de forma onduloso com pequenas eleva\u00e7\u00f5es. Com rochas de forma\u00e7\u00e3o do per\u00edodo cambriano; o solo de Santana do Itarar\u00e9 \u00e9 dividido em duas partes cerca de 40% do territ\u00f3rio \u00e9 de solo vermelho origin\u00e1rio da decomposi\u00e7\u00e3o de rochas bas\u00e1lticas, o restante de terra branca.<\/span><\/span><\/p>\n<p class=\"MsoNormal\" style=\"margin: 0cm 0cm 0pt;\"><span style=\"font-size: medium; font-family: arial, helvetica, sans-serif;\">\u00a0<\/span><\/p>\n<p><span style=\"font-size: 12pt; color: #000000; font-family: arial, helvetica, sans-serif;\"><strong>Economia<\/strong><\/span><\/p>\n<p><span style=\"font-size: 12pt; color: #000000; font-family: arial, helvetica, sans-serif;\">O Munic\u00edpio tem como base de sua economia a atividade agropecu\u00e1ria.<\/span><\/p>\n<p style=\"padding-left: 30px;\"><span style=\"font-size: 12pt; color: #000000; font-family: arial, helvetica, sans-serif;\"><strong>Agricultura<\/strong><\/span><\/p>\n<p style=\"padding-left: 30px;\"><span style=\"font-size: 12pt; color: #000000; font-family: arial, helvetica, sans-serif;\">A atividade agr\u00edcola diversificou-se muito nas \u00faltima d\u00e9cadas. Hoje, al\u00e9m do feij\u00e3o e milho, cultiva-se trigo, soja, frutas (principalmente morango e maracuj\u00e1), aveia e triticale.<\/span><\/p>\n<p style=\"padding-left: 30px;\"><span style=\"font-size: 12pt; color: #000000; font-family: arial, helvetica, sans-serif;\"><strong>Pecu\u00e1ria<\/strong><\/span><\/p>\n<p style=\"padding-left: 30px;\"><span style=\"font-size: 12pt; color: #000000; font-family: arial, helvetica, sans-serif;\">Na pecu\u00e1ria destaque para o gado leiteiro, onde o munic\u00edpio \u00e9 refer\u00eancia nacional e internacional na produ\u00e7\u00e3o de leite de alta qualidade em pequenas propriedades rurais, com a chamada vaca \u201chi-tec\u201d que apresenta desempenho excepcional na regi\u00e3o fruto do melhoramento gen\u00e9tico do rebanho desenvolvido via PIA \u2013 Programa de Insemina\u00e7\u00e3o artificial (Programa premiado com o trof\u00e9u Premio Gestor Publico Paran\u00e1 2016 \u2013 \u201cA mudan\u00e7a que vem do leite\u201d). \u00a0O gado de corte tamb\u00e9m tem crescido muito nos \u00faltimos anos com a implanta\u00e7\u00e3o de confinamentos para engorda.<\/span><\/p>\n<p style=\"padding-left: 30px;\"><span style=\"font-size: 12pt; color: #000000; font-family: arial, helvetica, sans-serif;\"><strong>Extra\u00e7\u00e3o de Areia<\/strong><\/span><\/p>\n<p style=\"padding-left: 30px;\"><span style=\"font-size: 12pt; color: #000000; font-family: arial, helvetica, sans-serif;\">O munic\u00edpio destaca-se tamb\u00e9m na extra\u00e7\u00e3o de areia do Rio Itarar\u00e9.<\/span><\/p>\n<p style=\"padding-left: 30px;\"><span style=\"font-size: 12pt; color: #000000; font-family: arial, helvetica, sans-serif;\"><strong>Ind\u00fastria<\/strong><\/span><\/p>\n<p style=\"padding-left: 30px;\"><span style=\"font-size: 12pt; color: #000000; font-family: arial, helvetica, sans-serif;\">O munic\u00edpio tamb\u00e9m tem crescido na \u00e1rea industrial. Hoje o parque industrial conta com F\u00e1brica de Ra\u00e7\u00e3o,\u00a0 Cer\u00e2mica (Tijolos e Telhas), Confec\u00e7\u00f5es (Costura de Jeans), Serrarias de Madeira de Reflorestamento<\/span><span style=\"font-size: 12pt; color: #000000; font-family: arial, helvetica, sans-serif;\">\u00a0e Ind\u00fastrias de Polpas de Frutas.<\/span><span style=\"color: #ffffff;\"><span style=\"font-size: 14pt;\">.<\/span><span style=\"font-family: arial, helvetica, sans-serif; font-size: medium;\">.<\/span><\/span><\/p>\n<p class=\"MsoNormal\" style=\"margin: 0cm 0cm 0pt; padding-left: 30px;\"><span style=\"color: #ffffff;\">\u00a0<\/span><\/p>\n<p class=\"MsoNormal\" style=\"margin: 0cm 0cm 0pt; padding-left: 30px;\"><span style=\"color: #ffffff;\">.<\/span><\/p>\n<p class=\"MsoNormal\" style=\"margin: 0cm 0cm 0pt; padding-left: 30px;\"><span style=\"font-size: medium; font-family: arial, helvetica, sans-serif; color: #ffffff;\">\u00a0.<\/span><\/p>\n<p class=\"MsoNormal\" style=\"margin: 0cm 0cm 0pt; text-align: center;\"><span style=\"font-size: medium; font-family: arial, helvetica, sans-serif;\"><span style=\"color: #008000;\"><strong>SAIBA[+]<\/strong><\/span><\/span><span style=\"color: #ffffff; font-family: arial, helvetica, sans-serif; font-size: medium;\">.<\/span><\/p>\n<p class=\"MsoNormal\" style=\"margin: 0cm 0cm 0pt; text-align: center;\"><span style=\"font-size: medium; font-family: arial, helvetica, sans-serif;\"><span style=\"color: windowtext;\"><strong style=\"line-height: 1.5em;\"><a style=\"line-height: 1.5em;\" href=\"https:\/\/www.ipardes.pr.gov.br\/Pagina\/Perfil-dos-municipios-0\" target=\"_blank\" rel=\"noopener\">Clique aqui<\/a>\u00a0<\/strong><span style=\"color: windowtext; line-height: 1.5em;\">e conhe\u00e7a o perfil do Munic\u00edpio &#8211; Dados IPARDES<\/span><\/span><\/span><\/p>\n<p class=\"MsoNormal\" style=\"margin: 0cm 0cm 0pt; text-align: center;\"><span style=\"font-family: arial, helvetica, sans-serif; font-size: medium;\"><a href=\"https:\/\/cidades.ibge.gov.br\/brasil\/pr\/santana-do-itarare\/panorama\" target=\"_blank\" rel=\"noopener\"><strong>Clique aqui<\/strong><\/a>\u00a0e conhe\u00e7a o perfil do Munic\u00edpio &#8211; Dados IBGE<\/span><span style=\"font-size: medium; font-family: arial, helvetica, sans-serif;\"><span style=\"color: windowtext;\">\u00a0<\/span><\/span><\/p>\n<p class=\"MsoNormal\" style=\"margin: 0cm 0cm 0pt; text-align: center;\"><span style=\"color: #ffffff;\">.<\/span><\/p>\n<p class=\"MsoNormal\" style=\"margin: 0cm 0cm 0pt; text-align: center;\"><span style=\"color: #ffffff;\">.<\/span><\/p>\n<p class=\"MsoNormal\" style=\"margin: 0cm 0cm 0pt; text-align: center;\"><span style=\"color: #ffffff;\">.<\/span><\/p>\n","protected":false},"excerpt":{"rendered":"<p>Localiza\u00e7\u00e3o O munic\u00edpio est\u00e1 localizado no segundo Planalto Paranaense (Ponta Grossa), na regi\u00e3o nordeste do estado, conhecida como Norte Pioneiro&#46;&#46;&#46;<\/p>\n","protected":false},"author":2,"featured_media":0,"parent":0,"menu_order":0,"comment_status":"closed","ping_status":"closed","template":"","meta":{"footnotes":""},"class_list":["post-10","page","type-page","status-publish","hentry"],"_links":{"self":[{"href":"https:\/\/www.santanadoitarare.pr.gov.br\/portal\/wp-json\/wp\/v2\/pages\/10","targetHints":{"allow":["GET"]}}],"collection":[{"href":"https:\/\/www.santanadoitarare.pr.gov.br\/portal\/wp-json\/wp\/v2\/pages"}],"about":[{"href":"https:\/\/www.santanadoitarare.pr.gov.br\/portal\/wp-json\/wp\/v2\/types\/page"}],"author":[{"embeddable":true,"href":"https:\/\/www.santanadoitarare.pr.gov.br\/portal\/wp-json\/wp\/v2\/users\/2"}],"replies":[{"embeddable":true,"href":"https:\/\/www.santanadoitarare.pr.gov.br\/portal\/wp-json\/wp\/v2\/comments?post=10"}],"version-history":[{"count":0,"href":"https:\/\/www.santanadoitarare.pr.gov.br\/portal\/wp-json\/wp\/v2\/pages\/10\/revisions"}],"wp:attachment":[{"href":"https:\/\/www.santanadoitarare.pr.gov.br\/portal\/wp-json\/wp\/v2\/media?parent=10"}],"curies":[{"name":"wp","href":"https:\/\/api.w.org\/{rel}","templated":true}]}}