{"id":45,"date":"2026-05-15T21:30:37","date_gmt":"2026-05-16T00:30:37","guid":{"rendered":"https:\/\/www.santanadoitarare.pr.gov.br\/portal\/?page_id=45"},"modified":"2026-05-15T21:32:35","modified_gmt":"2026-05-16T00:32:35","slug":"dados-gerais-do-municipio","status":"publish","type":"page","link":"https:\/\/www.santanadoitarare.pr.gov.br\/portal\/dados-gerais-do-municipio\/","title":{"rendered":"Dados Gerais do Munic\u00edpio"},"content":{"rendered":"\n<p><strong>Localiza\u00e7\u00e3o<\/strong><\/p>\n\n\n\n<p>O munic\u00edpio est\u00e1 localizado no segundo Planalto Paranaense (Ponta Grossa), na regi\u00e3o nordeste do estado, conhecida como Norte Pioneiro do Paran\u00e1 e a 23\u00ba de latitude sul e 49\u00ba longitude oeste. Fica a 09 Km da divisa entre os Estados do PR\/SP, a 320 Km de Curitiba, a 220 Km de Ponta Grossa, a 230 Km de Londrina e a 367 km de S\u00e3o Paulo (capital).<\/p>\n\n\n\n<p><a href=\"https:\/\/web.archive.org\/web\/20250402132000\/https:\/\/www.google.com.br\/maps\/place\/Santana+do+Itarar%C3%A9,+PR\/@-23.755496,-49.628677,11234m\/data=!3m1!1e3!4m2!3m1!1s0x94c18dca18af5051:0xdc9283f671552992?hl=pt-BR\" target=\"_blank\" rel=\"noreferrer noopener\"><\/a><a href=\"http:\/\/maps.google.com.br\/maps?q=santana+do+itarare&amp;hl=pt-BR&amp;ie=UTF8&amp;ll=-23.755496,-49.628677&amp;spn=0.081858,0.169086&amp;sll=-23.742926,-49.558468&amp;sspn=0.081866,0.169086&amp;t=h&amp;hnear=Santana+do+Itarar%C3%A9+-+Paran%C3%A1&amp;z=13\" target=\"_blank\" rel=\"noreferrer noopener\">Ver mapa ampliado<\/a><\/p>\n\n\n\n<p><strong>Munic\u00edpios limites<\/strong>S\u00e3o Jos\u00e9 da Boa Vista (PR), Wenceslau Br\u00e1s (PR), Salto do Itarar\u00e9 (PR),<br>Siqueira Campos (PR), Itaporanga(SP) e Riversul(SP).<br><strong><br>Dist\u00e2ncias de Santana para:<\/strong><strong><br><\/strong>LONDRINA \u2013 PR&nbsp;&nbsp;&nbsp;&nbsp;&nbsp;&nbsp; &nbsp;&nbsp;&nbsp;&nbsp;&nbsp;&nbsp;&nbsp;&nbsp;&nbsp;&nbsp; &nbsp; 240 kM<br>MARINGA \u2013 PR&nbsp;&nbsp;&nbsp;&nbsp;&nbsp;&nbsp;&nbsp;&nbsp;&nbsp;&nbsp;&nbsp;&nbsp;&nbsp;&nbsp;&nbsp;&nbsp;  &nbsp;&nbsp; 310 KM<br>FOZ DE IGUA\u00c7U \u2013 PR&nbsp;&nbsp;&nbsp;&nbsp; &nbsp;&nbsp;&nbsp;&nbsp;&nbsp; &nbsp;720 KM<br>PONTA GROSSA \u2013 PR&nbsp;&nbsp; &nbsp;&nbsp;&nbsp;&nbsp; &nbsp;&nbsp;&nbsp; 210 KM<br>CURITIBA -PR&nbsp;&nbsp;&nbsp;&nbsp;&nbsp;&nbsp;&nbsp;&nbsp;&nbsp;&nbsp;&nbsp;&nbsp;&nbsp;&nbsp;&nbsp;&nbsp;&nbsp;&nbsp; &nbsp;&nbsp;&nbsp;&nbsp; 325 KM<br>PARANAGUA \u2013 PR&nbsp;&nbsp;&nbsp;&nbsp;&nbsp; &nbsp;&nbsp;&nbsp;&nbsp;&nbsp;&nbsp; &nbsp;&nbsp;&nbsp; 425 KM<br>MAT\u00c3O \u2013 SP&nbsp;&nbsp;&nbsp;&nbsp;&nbsp;&nbsp;&nbsp;&nbsp;&nbsp;&nbsp;&nbsp;&nbsp;&nbsp;&nbsp;&nbsp;&nbsp;&nbsp;&nbsp; &nbsp;&nbsp;&nbsp;&nbsp; &nbsp; 330 KM<br>SOROCABA \u2013 SP&nbsp;&nbsp;&nbsp;&nbsp;&nbsp;&nbsp;&nbsp;&nbsp;&nbsp; &nbsp;&nbsp;&nbsp; &nbsp;&nbsp; &nbsp; 275 KM<br>S\u00c3O PAULO \u2013 SP&nbsp;&nbsp;&nbsp;&nbsp;&nbsp;&nbsp;&nbsp;&nbsp;&nbsp; &nbsp;&nbsp;&nbsp;&nbsp; &nbsp;&nbsp;&nbsp; 380 KM<br>SANTOS \u2013 SP&nbsp;&nbsp;&nbsp;&nbsp;&nbsp;&nbsp;&nbsp;&nbsp;&nbsp;&nbsp;&nbsp;&nbsp;&nbsp;&nbsp;&nbsp;&nbsp;&nbsp; &nbsp;&nbsp;&nbsp;&nbsp; &nbsp; 445 KM<\/p>\n\n\n\n<p><strong>Popula\u00e7\u00e3o Total:&nbsp;<\/strong>5.514 habitantes (Censo 2022)<\/p>\n\n\n\n<p><strong>Caracter\u00edsticas geogr\u00e1ficas<\/strong><\/p>\n\n\n\n<p>Possui uma \u00e1rea de 251 km\u00b2, representando 0.1261% do estado, 0.0446% da regi\u00e3o e 0.003% de todo o territ\u00f3rio brasileiro. Localiza-se a uma latitude 24\u00ba06\u201945\u201d sul e a uma longitude 49\u00ba19\u201954\u201d oeste, estando a uma altitude de 545 metros. Sua popula\u00e7\u00e3o estimada em 2007 era de 6.138 habitantes.<\/p>\n\n\n\n<p><strong>Hidrografia<\/strong><\/p>\n\n\n\n<p>Santana do Itarar\u00e9, possui uma rede hidrogr\u00e1fica vasta e complexa, na qual todos os rios, ribeir\u00f5es e riachos correm em dire\u00e7\u00e3o ao\u00a0Rio Itarar\u00e9\u00a0que \u00e9 o rio que serve de divisa entre os estados do Paran\u00e1 e S\u00e3o Paulo.<\/p>\n\n\n\n<p><strong>Clima<\/strong><\/p>\n\n\n\n<p>Subtropical \u00famido mesot\u00e9rmico, com ver\u00f5es quentes e geadas pouco freq\u00fcentes, com tend\u00eancia de concentra\u00e7\u00e3o das chuvas nos meses de ver\u00e3o, sem esta\u00e7\u00e3o seca definida. A m\u00e9dia das temperaturas dos meses mais quentes \u00e9 superior a 22\u00ba graus C e a dos meses mais frios \u00e9 inferior a 18\u00ba graus C.<\/p>\n\n\n\n<p><strong>Relevo<\/strong><\/p>\n\n\n\n<p>O munic\u00edpio apresenta um relevo de forma onduloso com pequenas eleva\u00e7\u00f5es. Com rochas de forma\u00e7\u00e3o do per\u00edodo cambriano; o solo de Santana do Itarar\u00e9 \u00e9 dividido em duas partes cerca de 40% do territ\u00f3rio \u00e9 de solo vermelho origin\u00e1rio da decomposi\u00e7\u00e3o de rochas bas\u00e1lticas, o restante de terra branca.<\/p>\n\n\n\n<p><strong>Economia<\/strong><\/p>\n\n\n\n<p>O Munic\u00edpio tem como base de sua economia a atividade agropecu\u00e1ria.<\/p>\n\n\n\n<p><strong>Agricultura<\/strong><\/p>\n\n\n\n<p>A atividade agr\u00edcola diversificou-se muito nas \u00faltima d\u00e9cadas. Hoje, al\u00e9m do feij\u00e3o e milho, cultiva-se trigo, soja, frutas (principalmente morango e maracuj\u00e1), aveia e triticale.<\/p>\n\n\n\n<p><strong>Pecu\u00e1ria<\/strong><\/p>\n\n\n\n<p>Na pecu\u00e1ria destaque para o gado leiteiro, onde o munic\u00edpio \u00e9 refer\u00eancia nacional e internacional na produ\u00e7\u00e3o de leite de alta qualidade em pequenas propriedades rurais, com a chamada vaca \u201chi-tec\u201d que apresenta desempenho excepcional na regi\u00e3o fruto do melhoramento gen\u00e9tico do rebanho desenvolvido via PIA \u2013 Programa de Insemina\u00e7\u00e3o artificial (Programa premiado com o trof\u00e9u Premio Gestor Publico Paran\u00e1 2016 \u2013 \u201cA mudan\u00e7a que vem do leite\u201d). &nbsp;O gado de corte tamb\u00e9m tem crescido muito nos \u00faltimos anos com a implanta\u00e7\u00e3o de confinamentos para engorda.<\/p>\n\n\n\n<p><strong>Extra\u00e7\u00e3o de Areia<\/strong><\/p>\n\n\n\n<p>O munic\u00edpio destaca-se tamb\u00e9m na extra\u00e7\u00e3o de areia do Rio Itarar\u00e9.<\/p>\n\n\n\n<p><strong>Ind\u00fastria<\/strong><\/p>\n\n\n\n<p>O munic\u00edpio tamb\u00e9m tem crescido na \u00e1rea industrial. Hoje o parque industrial conta com F\u00e1brica de Ra\u00e7\u00e3o,&nbsp; Cer\u00e2mica (Tijolos e Telhas), Confec\u00e7\u00f5es (Costura de Jeans), Serrarias de Madeira de Reflorestamento&nbsp;e Ind\u00fastrias de Polpas de Frutas&#8230;<\/p>\n\n\n\n<p><\/p>\n\n\n\n<p><strong>SAIBA[+]<\/strong>.<\/p>\n\n\n\n<p><strong><a href=\"https:\/\/www.ipardes.pr.gov.br\/Pagina\/Perfil-dos-municipios-0\" target=\"_blank\" rel=\"noreferrer noopener\">Clique aqui<\/a>\u00a0<\/strong>e conhe\u00e7a o perfil do Munic\u00edpio \u2013 Dados IPARDES<\/p>\n\n\n\n<p><a href=\"https:\/\/cidades.ibge.gov.br\/brasil\/pr\/santana-do-itarare\/panorama\" target=\"_blank\" rel=\"noreferrer noopener\"><strong>Clique aqui<\/strong><\/a>\u00a0e conhe\u00e7a o perfil do Munic\u00edpio \u2013 Dados IBGE\u00a0<\/p>\n\n\n\n<p><\/p>\n","protected":false},"excerpt":{"rendered":"<p>Localiza\u00e7\u00e3o O munic\u00edpio est\u00e1 localizado no segundo Planalto Paranaense (Ponta Grossa), na regi\u00e3o nordeste do estado, conhecida como Norte Pioneiro do Paran\u00e1 e a 23\u00ba<\/p>\n","protected":false},"author":1,"featured_media":0,"parent":0,"menu_order":0,"comment_status":"closed","ping_status":"closed","template":"","meta":{"footnotes":""},"class_list":["post-45","page","type-page","status-publish","hentry"],"_links":{"self":[{"href":"https:\/\/www.santanadoitarare.pr.gov.br\/portal\/wp-json\/wp\/v2\/pages\/45","targetHints":{"allow":["GET"]}}],"collection":[{"href":"https:\/\/www.santanadoitarare.pr.gov.br\/portal\/wp-json\/wp\/v2\/pages"}],"about":[{"href":"https:\/\/www.santanadoitarare.pr.gov.br\/portal\/wp-json\/wp\/v2\/types\/page"}],"author":[{"embeddable":true,"href":"https:\/\/www.santanadoitarare.pr.gov.br\/portal\/wp-json\/wp\/v2\/users\/1"}],"replies":[{"embeddable":true,"href":"https:\/\/www.santanadoitarare.pr.gov.br\/portal\/wp-json\/wp\/v2\/comments?post=45"}],"version-history":[{"count":4,"href":"https:\/\/www.santanadoitarare.pr.gov.br\/portal\/wp-json\/wp\/v2\/pages\/45\/revisions"}],"predecessor-version":[{"id":49,"href":"https:\/\/www.santanadoitarare.pr.gov.br\/portal\/wp-json\/wp\/v2\/pages\/45\/revisions\/49"}],"wp:attachment":[{"href":"https:\/\/www.santanadoitarare.pr.gov.br\/portal\/wp-json\/wp\/v2\/media?parent=45"}],"curies":[{"name":"wp","href":"https:\/\/api.w.org\/{rel}","templated":true}]}}