{"id":55,"date":"2026-05-15T21:41:40","date_gmt":"2026-05-16T00:41:40","guid":{"rendered":"https:\/\/www.santanadoitarare.pr.gov.br\/portal\/?page_id=55"},"modified":"2026-05-15T21:41:40","modified_gmt":"2026-05-16T00:41:40","slug":"roseli-machado-atleta-olimpica-e-vencedora-da-prova-feminina-da-sao-silvestre-de-1996","status":"publish","type":"page","link":"https:\/\/www.santanadoitarare.pr.gov.br\/portal\/roseli-machado-atleta-olimpica-e-vencedora-da-prova-feminina-da-sao-silvestre-de-1996\/","title":{"rendered":"ROSELI MACHADO: Atleta Ol\u00edmpica e vencedora da prova feminina da S\u00e3o Silvestre de 1996"},"content":{"rendered":"\n<p>9 de setembro de 2009<\/p>\n\n\n\n<p>Roseli Machado natural de Angatuba-SP, mas se criou em nosso munic\u00edpio onde come\u00e7ou a correr aos 12 anos de idade.<br><br>Em 1996 ficou em 22\u00ba lugar nos 5.000 metros das Olimp\u00edadas de Atlanta. Nesse mesmo ano, foi a segunda brasileira a vencer a prova feminina da S\u00e3o Silvestre, mesmo n\u00e3o figurando entre as favoritas. Ela apresentou um ritmo impressionante desde o in\u00edcio da corrida, deixou as concorrentes para tr\u00e1s e garantiu o t\u00edtulo com a marca de 52min32. Roseli terminou a disputa mesmo mancando quase um minuto \u00e0 frente da segunda colocada, a tricampe\u00e3 Maria Del Carmen.<br><br>Em 1989 precisou interromper sua carreira, devido a uma les\u00e3o no joelho, passando por duas cirurgias, voltando as competi\u00e7\u00f5es somente em 1993.<\/p>\n\n\n\n<p>Em 1997, Roseli foi v\u00edtima de um erro m\u00e9dico e teve que interromper sua carreira. Atualmente, \u00e9 treinadora de atletismo na cidade de Curitiba.<\/p>\n\n\n\n<p><a href=\"https:\/\/www.youtube.com\/watch?v=h4apu7Pflg0\" target=\"_blank\" rel=\"noreferrer noopener\">Clique aqui\u00a0<\/a>e veja o v\u00eddeo<\/p>\n\n\n\n<p><\/p>\n","protected":false},"excerpt":{"rendered":"<p>9 de setembro de 2009 Roseli Machado natural de Angatuba-SP, mas se criou em nosso munic\u00edpio onde come\u00e7ou a correr aos 12 anos de idade.<\/p>\n","protected":false},"author":1,"featured_media":0,"parent":0,"menu_order":0,"comment_status":"closed","ping_status":"closed","template":"","meta":{"footnotes":""},"class_list":["post-55","page","type-page","status-publish","hentry"],"_links":{"self":[{"href":"https:\/\/www.santanadoitarare.pr.gov.br\/portal\/wp-json\/wp\/v2\/pages\/55","targetHints":{"allow":["GET"]}}],"collection":[{"href":"https:\/\/www.santanadoitarare.pr.gov.br\/portal\/wp-json\/wp\/v2\/pages"}],"about":[{"href":"https:\/\/www.santanadoitarare.pr.gov.br\/portal\/wp-json\/wp\/v2\/types\/page"}],"author":[{"embeddable":true,"href":"https:\/\/www.santanadoitarare.pr.gov.br\/portal\/wp-json\/wp\/v2\/users\/1"}],"replies":[{"embeddable":true,"href":"https:\/\/www.santanadoitarare.pr.gov.br\/portal\/wp-json\/wp\/v2\/comments?post=55"}],"version-history":[{"count":1,"href":"https:\/\/www.santanadoitarare.pr.gov.br\/portal\/wp-json\/wp\/v2\/pages\/55\/revisions"}],"predecessor-version":[{"id":56,"href":"https:\/\/www.santanadoitarare.pr.gov.br\/portal\/wp-json\/wp\/v2\/pages\/55\/revisions\/56"}],"wp:attachment":[{"href":"https:\/\/www.santanadoitarare.pr.gov.br\/portal\/wp-json\/wp\/v2\/media?parent=55"}],"curies":[{"name":"wp","href":"https:\/\/api.w.org\/{rel}","templated":true}]}}