{"id":57,"date":"2026-05-15T21:43:38","date_gmt":"2026-05-16T00:43:38","guid":{"rendered":"https:\/\/www.santanadoitarare.pr.gov.br\/portal\/?page_id=57"},"modified":"2026-05-15T21:44:27","modified_gmt":"2026-05-16T00:44:27","slug":"haikaa-yamamoto-cantora-e-compositora-de-sucesso-internacional","status":"publish","type":"page","link":"https:\/\/www.santanadoitarare.pr.gov.br\/portal\/haikaa-yamamoto-cantora-e-compositora-de-sucesso-internacional\/","title":{"rendered":"HAIKAA YAMAMOTO: Cantora e compositora de sucesso internacional"},"content":{"rendered":"\n<p>13 de novembro de 2014<\/p>\n\n\n\n<p>Nascida em 23\/09\/1974 em nosso munic\u00edpio, onde viveu sua inf\u00e2ncia, Haikaa \u00e9 cantora e compositora de sucesso internacional. Viveu tanto no Jap\u00e3o como nos EUA. Seu primeiro trabalho como cantora profissional foi como integrante da banda \u201cGirls Club\u201d, que chegou a lan\u00e7ar um CD pela Sony Japan. Depois disso, estudou em uma universidade dos Estados Unidos antes de retornar ao Brasil.<\/p>\n\n\n\n<p>Sobre sua inf\u00e2ncia em Santana do Itarar\u00e9, disse:<br>\u201cComo a maioria dos imigrantes, minha fam\u00edlia tamb\u00e9m veio para trabalhar no campo. A vida no interior, nos s\u00edtios, nas fazendas, nas pequenas comunidades, marcou muito a minha inf\u00e2ncia. Eu me lembro da paisagem, do c\u00e9u estrelado, do sol entrando pela fresta da janela todas as manh\u00e3s e do horizonte. O cheiro do mato depois da chuva, o arco-\u00edris, o barulho da cigarra e os vaga-lumes e o sil\u00eancio ensurdecedor das noites. Meus cachorros, todos vira-latas do mais puro \u201cpedigree\u201d e os papagaios. O estrad\u00e3o de terra, os riachos, e as planta\u00e7\u00f5es a perder de vista. Quanta poesia nessas lembran\u00e7as.\u201d<\/p>\n\n\n\n<p><a href=\"http:\/\/www.haikaa.com\/\" target=\"_blank\" rel=\"noreferrer noopener\">Clique aqui<\/a>\u00a0para saber +<\/p>\n","protected":false},"excerpt":{"rendered":"<p>13 de novembro de 2014 Nascida em 23\/09\/1974 em nosso munic\u00edpio, onde viveu sua inf\u00e2ncia, Haikaa \u00e9 cantora e compositora de sucesso internacional. Viveu tanto<\/p>\n","protected":false},"author":1,"featured_media":0,"parent":0,"menu_order":0,"comment_status":"closed","ping_status":"closed","template":"","meta":{"footnotes":""},"class_list":["post-57","page","type-page","status-publish","hentry"],"_links":{"self":[{"href":"https:\/\/www.santanadoitarare.pr.gov.br\/portal\/wp-json\/wp\/v2\/pages\/57","targetHints":{"allow":["GET"]}}],"collection":[{"href":"https:\/\/www.santanadoitarare.pr.gov.br\/portal\/wp-json\/wp\/v2\/pages"}],"about":[{"href":"https:\/\/www.santanadoitarare.pr.gov.br\/portal\/wp-json\/wp\/v2\/types\/page"}],"author":[{"embeddable":true,"href":"https:\/\/www.santanadoitarare.pr.gov.br\/portal\/wp-json\/wp\/v2\/users\/1"}],"replies":[{"embeddable":true,"href":"https:\/\/www.santanadoitarare.pr.gov.br\/portal\/wp-json\/wp\/v2\/comments?post=57"}],"version-history":[{"count":2,"href":"https:\/\/www.santanadoitarare.pr.gov.br\/portal\/wp-json\/wp\/v2\/pages\/57\/revisions"}],"predecessor-version":[{"id":59,"href":"https:\/\/www.santanadoitarare.pr.gov.br\/portal\/wp-json\/wp\/v2\/pages\/57\/revisions\/59"}],"wp:attachment":[{"href":"https:\/\/www.santanadoitarare.pr.gov.br\/portal\/wp-json\/wp\/v2\/media?parent=57"}],"curies":[{"name":"wp","href":"https:\/\/api.w.org\/{rel}","templated":true}]}}