{"id":60,"date":"2026-05-15T21:48:14","date_gmt":"2026-05-16T00:48:14","guid":{"rendered":"https:\/\/www.santanadoitarare.pr.gov.br\/portal\/?page_id=60"},"modified":"2026-05-15T21:51:52","modified_gmt":"2026-05-16T00:51:52","slug":"nivaldo-michetti-produtor-de-leite-e-palestrante","status":"publish","type":"page","link":"https:\/\/www.santanadoitarare.pr.gov.br\/portal\/nivaldo-michetti-produtor-de-leite-e-palestrante\/","title":{"rendered":"NIVALDO MICHETTI: Produtor de leite e Palestrante"},"content":{"rendered":"\n<p>13 de novembro de 2014<\/p>\n\n\n\n<p>Nivaldo Michetti, t\u00e9cnico agr\u00edcola, natural de Itaporanga-SP. Em 1989, ap\u00f3s trabalhar por mais de 15 anos em&nbsp;usinas de \u00e1lcool e a\u00e7\u00facar em v\u00e1rias regi\u00f5es do Brasil, mudou-se para Santana do Itarar\u00e9 com objetivo de iniciar sua cria\u00e7\u00e3o de gado de leite.<\/p>\n\n\n\n<p>Devido aos bons resultados e ao sucesso alcan\u00e7ado em sua atividade, \u00e9 hoje, produtor de leite refer\u00eancia na regi\u00e3o e no Brasil. J\u00e1 foi tema de varias reportagens em jornais e revistas do setor, como por exemplo, no especial:\u00a0<a href=\"http:\/\/revistagloborural.globo.com\/GloboRural\/0,6993,EEC1649501-1641-3,00.html\" target=\"_blank\" rel=\"noreferrer noopener\">\u201cLonga vida ao Leite\u00a0\u201d<\/a>\u00a0da revista globo rural de outubro\/2007. \u00c9 tamb\u00e9m seguidamente convidado pela EMBRAPA e por outras entidades como SEBRAE, Sindicatos rurais, Empresas e Cooperativas a expor sua experi\u00eancia, onde profere palestras para produtores, t\u00e9cnicos e empres\u00e1rios.<\/p>\n\n\n\n<p>Como formador de opini\u00e3o, recebe in\u00fameras visitas de t\u00e9cnicos, empres\u00e1rios, produtores e de administradores p\u00fablicos que v\u00e3o conhecer o trabalho que desenvolve em sua propriedade e a que realiza em conjunto com outros produtores do munic\u00edpio que, seguindo seu modelo de gest\u00e3o, transformaram Santana do Itarar\u00e9 em refer\u00eancia na produ\u00e7\u00e3o de leite de alta qualidade e de baixo custo de produ\u00e7\u00e3o. Como resultado dessa uni\u00e3o e da conscientiza\u00e7\u00e3o dos produtores em busca da qualidade, o leite produzido no munic\u00edpio tem obtido os melhores pre\u00e7os do estado do Paran\u00e1.<\/p>\n\n\n\n<p>Um apaixonado pelo que faz Nivaldo ou Nivald\u00e3o como \u00e9 conhecido em Santana, quer que o produtor se conven\u00e7a de uma vez por todas do seu papel&nbsp;dentro da cadeia produtiva do leite: \u201cO produtor tem um valor inestim\u00e1vel e deve ter consci\u00eancia disso e orgulhar-se\u201d. Afirma.&nbsp;\u201c\u00c9 hora da nossa gente se dar conta da sua import\u00e2ncia\u201d. Enfatiza.<\/p>\n\n\n\n<p>Veja tamb\u00e9m:<\/p>\n\n\n\n<p><a href=\"http:\/\/www.milkpoint.com.br\/sobre-o-site\/novas-do-site\/nivaldo-michetti-falara-como-mudou-sua-vida-com-a-atividade-leiteira-no-interleite-brasil-2012-79980n.aspx\" target=\"_blank\" rel=\"noreferrer noopener\">www.milkpoint.com.br\/sobre-o-site\/novas-do-site\/nivaldo-michetti-falara-como-mudou-sua-vida-com-a-atividade-leiteira-no-interleite-brasil-2012-79980n.aspx<\/a><\/p>\n","protected":false},"excerpt":{"rendered":"<p>13 de novembro de 2014 Nivaldo Michetti, t\u00e9cnico agr\u00edcola, natural de Itaporanga-SP. Em 1989, ap\u00f3s trabalhar por mais de 15 anos em&nbsp;usinas de \u00e1lcool e<\/p>\n","protected":false},"author":1,"featured_media":0,"parent":0,"menu_order":0,"comment_status":"closed","ping_status":"closed","template":"","meta":{"footnotes":""},"class_list":["post-60","page","type-page","status-publish","hentry"],"_links":{"self":[{"href":"https:\/\/www.santanadoitarare.pr.gov.br\/portal\/wp-json\/wp\/v2\/pages\/60","targetHints":{"allow":["GET"]}}],"collection":[{"href":"https:\/\/www.santanadoitarare.pr.gov.br\/portal\/wp-json\/wp\/v2\/pages"}],"about":[{"href":"https:\/\/www.santanadoitarare.pr.gov.br\/portal\/wp-json\/wp\/v2\/types\/page"}],"author":[{"embeddable":true,"href":"https:\/\/www.santanadoitarare.pr.gov.br\/portal\/wp-json\/wp\/v2\/users\/1"}],"replies":[{"embeddable":true,"href":"https:\/\/www.santanadoitarare.pr.gov.br\/portal\/wp-json\/wp\/v2\/comments?post=60"}],"version-history":[{"count":3,"href":"https:\/\/www.santanadoitarare.pr.gov.br\/portal\/wp-json\/wp\/v2\/pages\/60\/revisions"}],"predecessor-version":[{"id":63,"href":"https:\/\/www.santanadoitarare.pr.gov.br\/portal\/wp-json\/wp\/v2\/pages\/60\/revisions\/63"}],"wp:attachment":[{"href":"https:\/\/www.santanadoitarare.pr.gov.br\/portal\/wp-json\/wp\/v2\/media?parent=60"}],"curies":[{"name":"wp","href":"https:\/\/api.w.org\/{rel}","templated":true}]}}