{"id":6604,"date":"2023-03-24T08:06:22","date_gmt":"2023-03-24T11:06:22","guid":{"rendered":"https:\/\/www.santanadoitarare.pr.gov.br\/portal\/?page_id=6604"},"modified":"2023-09-28T11:27:35","modified_gmt":"2023-09-28T14:27:35","slug":"servico-de-inspecao-municipal-sim","status":"publish","type":"page","link":"https:\/\/www.santanadoitarare.pr.gov.br\/portal\/servico-de-inspecao-municipal-sim\/","title":{"rendered":"Servi\u00e7o de Inspe\u00e7\u00e3o Municipal &#8211; SIM"},"content":{"rendered":"<p><img loading=\"lazy\" decoding=\"async\" class=\"size-full wp-image-6610 aligncenter\" src=\"https:\/\/www.santanadoitarare.pr.gov.br\/portal\/wp-content\/uploads\/2023\/03\/sim-2.png\" alt=\"\" width=\"800\" height=\"204\" srcset=\"https:\/\/www.santanadoitarare.pr.gov.br\/portal\/wp-content\/uploads\/2023\/03\/sim-2.png 800w, https:\/\/www.santanadoitarare.pr.gov.br\/portal\/wp-content\/uploads\/2023\/03\/sim-2-300x77.png 300w, https:\/\/www.santanadoitarare.pr.gov.br\/portal\/wp-content\/uploads\/2023\/03\/sim-2-768x196.png 768w\" sizes=\"auto, (max-width: 800px) 100vw, 800px\" \/><\/p>\n<p>O Servi\u00e7o de Inspe\u00e7\u00e3o Municipal de Produtos de Origem Animal (SIM\/POA) criado \u00a0nos termos da <span style=\"text-decoration: underline; color: #000080;\"><a style=\"color: #000080; text-decoration: underline;\" href=\"http:\/\/www.planalto.gov.br\/ccivil_03\/leis\/l1283.htm\" target=\"_blank\" rel=\"noopener\">Lei Federal n\u00b0 1.283, de 18 de dezembro de 1950<\/a><\/span>, <span style=\"text-decoration: underline;\"><span style=\"color: #000080; text-decoration: underline;\"><a style=\"color: #000080; text-decoration: underline;\" href=\"https:\/\/www.planalto.gov.br\/ccivil_03\/leis\/l7889.htm\" target=\"_blank\" rel=\"noopener\">Lei Federal n\u00b0 7.889, de 23 de novembro 1989<\/a><\/span><\/span>,<strong><span style=\"text-decoration: underline;\"><span style=\"color: #000080; text-decoration: underline;\"><a style=\"color: #000080; text-decoration: underline;\" href=\"https:\/\/transparencia.santanadoitarare.pr.gov.br\/wp-content\/uploads\/2023\/03\/LEI-015-2023-REESTRUTURACAO-SIM-SUSAF.pdf\" target=\"_blank\" rel=\"noopener\"> Lei Municipal n\u00b0 015 de 21 de mar\u00e7o de 2023<\/a><\/span><\/span><\/strong>\u00a0e \u00a0regido pelo<strong><span style=\"text-decoration: underline; color: #000080;\"> <a style=\"color: #000080; text-decoration: underline;\" href=\"https:\/\/transparencia.santanadoitarare.pr.gov.br\/wp-content\/uploads\/2023\/03\/DECRETO-016-2023-REGULAMENTA-O-SUSAF-e-ANEXOS.pdf\" target=\"_blank\" rel=\"noopener\">Decreto Municipal N\u00ba 016\/2023<\/a><\/span><\/strong>,\u00a0 visa promover a sa\u00fade p\u00fablica e a seguran\u00e7a alimentar, o servi\u00e7o est\u00e1 vinculado \u00e0 Secretaria Municipal de Agricultura e Pecu\u00e1ria.<\/p>\n<p>&nbsp;<\/p>\n<p>::<a href=\"https:\/\/www.santanadoitarare.pr.gov.br\/portal\/wp-content\/uploads\/2023\/07\/sim-3.pdf\" target=\"_blank\" rel=\"noopener\"><span style=\"text-decoration: underline;\"><span style=\"color: #000080;\"><strong>RELA\u00c7\u00c3O DE ESTABELECIMENTOS REGISTRADOS NO SIM<\/strong><\/span><\/span><\/a><\/p>\n<p>&nbsp;<\/p>\n<p>::<span style=\"text-decoration: underline;\"><span style=\"color: #000080;\"><strong><a style=\"color: #000080; text-decoration: underline;\" href=\"https:\/\/www.santanadoitarare.pr.gov.br\/portal\/wp-content\/uploads\/2023\/09\/anexo-2.pdf\" target=\"_blank\" rel=\"noopener\">RELA\u00c7\u00c3O DE ESTABELECIMENTOS REGISTRADOS NO SIM E INDICADOS AO SUASA-SUSAF-PR<\/a><\/strong><\/span><\/span><\/p>\n<p>&nbsp;<\/p>\n<p>::<span style=\"text-decoration: underline; color: #000080;\"> <strong><a style=\"color: #000080; text-decoration: underline;\" href=\"https:\/\/www.santanadoitarare.pr.gov.br\/diariooficial\/wp-content\/uploads\/2023\/03\/1950diario21maro2023-pdf-D4Sign.pdf\" target=\"_blank\" rel=\"noopener\">Publica\u00e7\u00e3o no Di\u00e1rio Oficial do Municipio da Lei Municipal n\u00ba 15\/2023 e Decreto Municipal n\u00ba 16\/2023<\/a><\/strong><\/span><\/p>\n<p>&nbsp;<\/p>\n<p>&nbsp;<\/p>\n","protected":false},"excerpt":{"rendered":"<p>O Servi\u00e7o de Inspe\u00e7\u00e3o Municipal de Produtos de Origem Animal (SIM\/POA) criado \u00a0nos termos da Lei Federal n\u00b0 1.283, de&#46;&#46;&#46;<\/p>\n","protected":false},"author":2,"featured_media":0,"parent":0,"menu_order":0,"comment_status":"closed","ping_status":"closed","template":"","meta":{"footnotes":""},"class_list":["post-6604","page","type-page","status-publish","hentry"],"_links":{"self":[{"href":"https:\/\/www.santanadoitarare.pr.gov.br\/portal\/wp-json\/wp\/v2\/pages\/6604","targetHints":{"allow":["GET"]}}],"collection":[{"href":"https:\/\/www.santanadoitarare.pr.gov.br\/portal\/wp-json\/wp\/v2\/pages"}],"about":[{"href":"https:\/\/www.santanadoitarare.pr.gov.br\/portal\/wp-json\/wp\/v2\/types\/page"}],"author":[{"embeddable":true,"href":"https:\/\/www.santanadoitarare.pr.gov.br\/portal\/wp-json\/wp\/v2\/users\/2"}],"replies":[{"embeddable":true,"href":"https:\/\/www.santanadoitarare.pr.gov.br\/portal\/wp-json\/wp\/v2\/comments?post=6604"}],"version-history":[{"count":0,"href":"https:\/\/www.santanadoitarare.pr.gov.br\/portal\/wp-json\/wp\/v2\/pages\/6604\/revisions"}],"wp:attachment":[{"href":"https:\/\/www.santanadoitarare.pr.gov.br\/portal\/wp-json\/wp\/v2\/media?parent=6604"}],"curies":[{"name":"wp","href":"https:\/\/api.w.org\/{rel}","templated":true}]}}