{"id":6842,"date":"2023-07-07T15:31:53","date_gmt":"2023-07-07T18:31:53","guid":{"rendered":"https:\/\/www.santanadoitarare.pr.gov.br\/portal\/?page_id=6842"},"modified":"2025-02-23T16:48:34","modified_gmt":"2025-02-23T19:48:34","slug":"lgpd","status":"publish","type":"page","link":"https:\/\/www.santanadoitarare.pr.gov.br\/portal\/lgpd\/","title":{"rendered":"LEI GERAL DE PROTE\u00c7\u00c3O DE DADOS &#8211; LGPD"},"content":{"rendered":"<p>A Lei Geral de Prote\u00e7\u00e3o de Dados \u2013 LGPD (<a href=\"https:\/\/www.planalto.gov.br\/ccivil_03\/_ato2015-2018\/2018\/lei\/l13709.htm\" target=\"_blank\" rel=\"noopener\">Lei n.\u00ba\u00a013.709, de 2018<\/a>) disp\u00f5e sobre o tratamento de dados pessoais das pessoas naturais (Pessoas F\u00edsicas), inclusive nos meios digitais.A Lei se aplica ao tratamento (utiliza\u00e7\u00e3o) de dados pessoais realizado por pessoas naturais ou por Pessoas Jur\u00eddicas de direito p\u00fablico ou privado, e tem o objetivo de proteger os direitos fundamentais de liberdade e de privacidade e o livre desenvolvimento da personalidade da pessoa natural.<\/p>\n<p>No Munic\u00edpio de Santana do Itarar\u00e9 &#8211; PR, a LGPD est\u00e1 regulamentada pelo <a href=\"https:\/\/transparencia.santanadoitarare.pr.gov.br\/wp-content\/uploads\/2023\/01\/DECRETO-001-2023-REGULAMENTACAO-DA-LEI-GERAL-DE-PROTECAO-DE-DADOS-NO-AMBITO-DO-MUNICIPIO.pdf\">Decreto n.\u00ba 001\/2023<\/a>.<\/p>\n<p>&nbsp;<\/p>\n<p><strong>QUEM \u00c9 O TITULAR DOS DADOS PESSOAIS?\u00a0<\/strong><\/p>\n<p>O titular dos dados pessoais \u00e9 a pessoa natural (Pessoa F\u00edsica) a quem pertencem os dados pessoais que s\u00e3o objeto de tratamento, ou seja, que s\u00e3o utilizados.<\/p>\n<p>&nbsp;<\/p>\n<p><strong>QUEM \u00c9 O CONTROLADOR?<\/strong><\/p>\n<p>O Controlador \u00e9 \u201cpessoa natural ou jur\u00eddica, de direito p\u00fablico ou privado, a quem competem as decis\u00f5es referentes ao tratamento de dados pessoais\u201d &#8211; Lei Geral de Prote\u00e7\u00e3o de Dados \u2013 LGPD.No caso em quest\u00e3o, o Controlador \u00e9 a Prefeitura Municipal de Santana do Itarar\u00e9-Pr.<\/p>\n<p>&nbsp;<\/p>\n<p><strong>QUEM \u00c9 A AUTORIDADE NACIONAL DE PROTE\u00c7\u00c3O DE DADOS &#8211; ANPD?<\/strong><\/p>\n<p>A ANPD \u00e9 o \u201c\u00f3rg\u00e3o da administra\u00e7\u00e3o p\u00fablica respons\u00e1vel por zelar, implementar e fiscalizar o cumprimento desta Lei em todo o territ\u00f3rio nacional\u201d &#8211; Lei Geral de Prote\u00e7\u00e3o de Dados \u2013 LGPD.<\/p>\n<p>O QUE \u00c9 DADOS?\u00a0 (De acordo com o art. 5\u00ba, incisos I ao III, da LGPD)Dado pessoal: \u00e9 a informa\u00e7\u00e3o relacionada \u00e0 pessoa natural identificada ou identific\u00e1vel, ou seja, qualquer informa\u00e7\u00e3o que permita identificar, direta ou indiretamente, um indiv\u00edduo \u00e9 considerado um dado pessoal.Exemplos: nome, RG, CPF, g\u00eanero, data e local de nascimento, n\u00famero do telefone, endere\u00e7o residencial, endere\u00e7o eletr\u00f4nico (e-mail), dados de localiza\u00e7\u00e3o via GPS, placa de autom\u00f3vel, imagem fotogr\u00e1fica ou computacional, cart\u00e3o banc\u00e1rio, etc.Dado pessoal sens\u00edvel: diz respeito aos dados que revelam informa\u00e7\u00f5es pessoais sobre origem racial ou \u00e9tnica, convic\u00e7\u00e3o religiosa, opini\u00e3o pol\u00edtica, filia\u00e7\u00e3o a sindicato ou a organiza\u00e7\u00e3o de car\u00e1ter religioso, filos\u00f3fico ou pol\u00edtico, \u00e0 sa\u00fade ou \u00e0 vida sexual, \u00e0 gen\u00e9tica ou \u00e0 biometria.<\/p>\n<p>&nbsp;<\/p>\n<p><strong>PARA QUE FINS UTILIZAMOS ESSES DADOS PESSOAIS?<\/strong><\/p>\n<p>Os dados pessoais citados s\u00e3o necess\u00e1rios e utilizados para a identifica\u00e7\u00e3o dos usu\u00e1rios dentro do servi\u00e7o p\u00fablico. Desta forma, o usu\u00e1rio possui acesso ao rol de servi\u00e7os disponibilizados eletronicamente ou mesmo presencialmente na Prefeitura de Santana do Itarare-Pr<\/p>\n<p>&nbsp;<\/p>\n<p><strong>ENCARREGADO GERAL DE PROTE\u00c7\u00c3O DE DADOS<\/strong><\/p>\n<p>O Encarregado Geral de Prote\u00e7\u00e3o de Dados do Munic\u00edpio \u00e9 a pessoa indicada (um titular e um suplente) pelo controlador para atuar como canal de comunica\u00e7\u00e3o entre o controlador, os titulares dos dados e a Autoridade Nacional de Prote\u00e7\u00e3o de Dados (ANPD), cumprindo com atribui\u00e7\u00f5es constantes em Norma T\u00e9cnica espec\u00edfica e com atribui\u00e7\u00f5es que possam vir a ser estabelecidas pela ANPD.<\/p>\n<p>&nbsp;<\/p>\n<p><strong>Contato do Encarregado Geral de Prote\u00e7\u00e3o de Dados na Prefeitura:<\/strong><\/p>\n<p><strong>Titular:<\/strong>\u00a0 Jos\u00e9 Carlos Alexandre Radoski<\/p>\n<p><strong>Suplente:<\/strong>\u00a0Danilo\u00a0Tomaz de Oliveira Matozinho<\/p>\n<p><strong>E-mail:\u00a0<\/strong>prefeitura@santanadoitarare.pr.gov.br<\/p>\n<p>&nbsp;<\/p>\n","protected":false},"excerpt":{"rendered":"<p>A Lei Geral de Prote\u00e7\u00e3o de Dados \u2013 LGPD (Lei n.\u00ba\u00a013.709, de 2018) disp\u00f5e sobre o tratamento de dados pessoais&#46;&#46;&#46;<\/p>\n","protected":false},"author":2,"featured_media":0,"parent":0,"menu_order":0,"comment_status":"closed","ping_status":"closed","template":"","meta":{"footnotes":""},"class_list":["post-6842","page","type-page","status-publish","hentry"],"_links":{"self":[{"href":"https:\/\/www.santanadoitarare.pr.gov.br\/portal\/wp-json\/wp\/v2\/pages\/6842","targetHints":{"allow":["GET"]}}],"collection":[{"href":"https:\/\/www.santanadoitarare.pr.gov.br\/portal\/wp-json\/wp\/v2\/pages"}],"about":[{"href":"https:\/\/www.santanadoitarare.pr.gov.br\/portal\/wp-json\/wp\/v2\/types\/page"}],"author":[{"embeddable":true,"href":"https:\/\/www.santanadoitarare.pr.gov.br\/portal\/wp-json\/wp\/v2\/users\/2"}],"replies":[{"embeddable":true,"href":"https:\/\/www.santanadoitarare.pr.gov.br\/portal\/wp-json\/wp\/v2\/comments?post=6842"}],"version-history":[{"count":4,"href":"https:\/\/www.santanadoitarare.pr.gov.br\/portal\/wp-json\/wp\/v2\/pages\/6842\/revisions"}],"predecessor-version":[{"id":8636,"href":"https:\/\/www.santanadoitarare.pr.gov.br\/portal\/wp-json\/wp\/v2\/pages\/6842\/revisions\/8636"}],"wp:attachment":[{"href":"https:\/\/www.santanadoitarare.pr.gov.br\/portal\/wp-json\/wp\/v2\/media?parent=6842"}],"curies":[{"name":"wp","href":"https:\/\/api.w.org\/{rel}","templated":true}]}}