{"id":6890,"date":"2023-07-10T16:01:53","date_gmt":"2023-07-10T19:01:53","guid":{"rendered":"https:\/\/www.santanadoitarare.pr.gov.br\/portal\/?page_id=6890"},"modified":"2025-09-04T08:21:58","modified_gmt":"2025-09-04T11:21:58","slug":"mapa-do-site","status":"publish","type":"page","link":"https:\/\/www.santanadoitarare.pr.gov.br\/portal\/mapa-do-site\/","title":{"rendered":"MAPA DO SITE"},"content":{"rendered":"<p><strong>:: <a href=\"https:\/\/www.santanadoitarare.pr.gov.br\/portal\/\">HOME\/IN\u00cdCIO<\/a><\/strong><\/p>\n<p style=\"padding-left: 40px;\"><strong>:: MUNIC\u00cdPIO<\/strong><\/p>\n<p style=\"padding-left: 80px;\"><strong><span style=\"font-size: 10pt;\"><a href=\"https:\/\/www.santanadoitarare.pr.gov.br\/portal\/um-pouco-da-historia-do-municipio\/\">HIST\u00d3RIA<\/a><\/span><\/strong><\/p>\n<p style=\"padding-left: 80px;\"><strong><span style=\"font-size: 10pt;\"><a href=\"https:\/\/www.santanadoitarare.pr.gov.br\/portal\/dados-gerais\/\">DADOS GERAIS<\/a><\/span><\/strong><\/p>\n<p style=\"padding-left: 80px;\"><strong><span style=\"font-size: 10pt;\"><a href=\"https:\/\/www.santanadoitarare.pr.gov.br\/portal\/hino-do-municipio\/\">HINO<\/a><\/span><\/strong><\/p>\n<p style=\"padding-left: 80px;\"><strong><span style=\"font-size: 10pt;\"><a href=\"https:\/\/www.santanadoitarare.pr.gov.br\/portal\/simbolos\/\">BRAS\u00c3O E BANDEIRA<\/a><\/span><\/strong><\/p>\n<p style=\"padding-left: 80px;\"><strong><span style=\"font-size: 10pt;\"><a href=\"https:\/\/www.santanadoitarare.pr.gov.br\/portal\/festas-e-eventos\/\">FESTAS E EVENTOS<\/a><\/span><\/strong><\/p>\n<p style=\"padding-left: 80px;\"><strong><span style=\"font-size: 10pt;\"><a href=\"https:\/\/www.santanadoitarare.pr.gov.br\/portal\/category\/c6-filhos-ilustres\/\">CIDAD\u00c3OS ILUSTRES<\/a><\/span><\/strong><\/p>\n<p style=\"padding-left: 80px;\"><strong><span style=\"font-size: 10pt;\"><a href=\"https:\/\/www.santanadoitarare.pr.gov.br\/portal\/galeria-de-fotos\/\">GALERIA DE FOTOS<\/a><\/span><\/strong><\/p>\n<p style=\"padding-left: 80px;\"><strong><span style=\"font-size: 10pt;\"><a href=\"https:\/\/www.youtube.com\/@tvonlinesantanadoitarare4917\" target=\"_blank\" rel=\"noopener\">V\u00cdDEOS<\/a><\/span><\/strong><\/p>\n<p style=\"padding-left: 80px;\"><strong><span style=\"font-size: 10pt;\"><a href=\"https:\/\/www.santanadoitarare.pr.gov.br\/portal\/links\/\">LINKS \u00daTEIS<\/a><\/span><\/strong><\/p>\n<p style=\"padding-left: 80px;\"><span style=\"font-size: 10pt;\"><strong><a href=\"https:\/\/www.santanadoitarare.pr.gov.br\/portal\/category\/especial\/\">ESPECIAIS<\/a><\/strong><\/span><\/p>\n<p>&nbsp;<\/p>\n<p style=\"padding-left: 40px;\"><strong>:: PREFEITURA<\/strong><\/p>\n<p style=\"padding-left: 80px;\"><strong><span style=\"font-size: 10pt;\"><a href=\"https:\/\/www.santanadoitarare.pr.gov.br\/portal\/gabinete\/\">GABINETE<\/a><\/span><\/strong><\/p>\n<p style=\"padding-left: 80px;\"><strong><span style=\"font-size: 10pt;\"><a href=\"https:\/\/www.santanadoitarare.pr.gov.br\/portal\/secretarios\/\">SECRET\u00c1RIOS<\/a><\/span><\/strong><\/p>\n<p style=\"padding-left: 80px;\"><strong><span style=\"font-size: 10pt;\"><a href=\"https:\/\/www.santanadoitarare.pr.gov.br\/portal\/expediente\/\">EXPEDIENTE<\/a><\/span><\/strong><\/p>\n<p style=\"padding-left: 80px;\"><strong><span style=\"font-size: 10pt;\"><a href=\"https:\/\/www.santanadoitarare.pr.gov.br\/portal\/galeria-de-fotos-dos-prefeitos-e-vices\/\">GALERIA DE PREFEITOS E VICES<\/a><\/span><\/strong><\/p>\n<p style=\"padding-left: 80px;\"><span style=\"font-size: 10pt;\"><strong><a href=\"https:\/\/www.santanadoitarare.pr.gov.br\/portal\/category\/c18-destaques\/\" target=\"_blank\" rel=\"noopener\">NOT\u00cdCIAS<\/a><\/strong><\/span><\/p>\n<p style=\"padding-left: 80px;\"><span style=\"font-size: 10pt;\"><strong><a href=\"https:\/\/www.santanaprev.com.br\/\" target=\"_blank\" rel=\"noopener\">SANTANAPREV<\/a><\/strong><\/span><\/p>\n<p style=\"padding-left: 80px;\"><span style=\"font-size: 10pt;\"><strong><a href=\"https:\/\/www.facebook.com\/tvsantanaonline\" target=\"_blank\" rel=\"noopener\">TV ONLINE<\/a><\/strong><\/span><\/p>\n<p style=\"padding-left: 80px;\"><span style=\"font-size: 10pt;\"><strong><a href=\"https:\/\/www.facebook.com\/santanadoitarareoficial\" target=\"_blank\" rel=\"noopener\">FACEBOOK<\/a><\/strong><\/span><\/p>\n<p style=\"padding-left: 80px;\"><strong><span style=\"font-size: 10pt;\"><a href=\"https:\/\/www.santanadoitarare.pr.gov.br\/portal\/telefones-uteis\/\" target=\"_blank\" rel=\"noopener\">TELEFONES \u00daTEIS<\/a><\/span><\/strong><\/p>\n<p style=\"padding-left: 80px;\"><strong><span style=\"font-size: 10pt;\"><a href=\"https:\/\/www.santanadoitarare.pr.gov.br\/portal\/recomendacoes-do-ministerio-publico\/\">RECOMENDA\u00c7\u00d5ES DO MINIST\u00c9RIO P\u00daBLICO<\/a><\/span><\/strong><\/p>\n<p style=\"padding-left: 80px;\"><strong><span style=\"font-size: 10pt;\"><a href=\"https:\/\/www.santanadoitarare.pr.gov.br\/portal\/politica-de-privacidade\/\">POL\u00cdTICA DE PRIVACIDADE<\/a><\/span><\/strong><\/p>\n<p style=\"padding-left: 80px;\"><strong><span style=\"font-size: 10pt;\"><a href=\"https:\/\/www.santanadoitarare.pr.gov.br\/portal\/lgpd\/\">LEI GERAL DE PROTE\u00c7\u00c3O DE PROTE\u00c7\u00c3O DE DADOS<\/a><\/span><\/strong><\/p>\n<p style=\"padding-left: 80px;\"><strong><span style=\"font-size: 10pt;\"><a href=\"https:\/\/www.santanadoitarare.pr.gov.br\/portal\/mapa-do-site\/\">MAPA DO SITE<\/a><\/span><\/strong><\/p>\n<p>&nbsp;<\/p>\n<p style=\"padding-left: 40px;\"><strong>:: LEGISLA\u00c7\u00c3O<\/strong><\/p>\n<p style=\"padding-left: 80px;\"><strong><span style=\"font-size: 10pt;\"><a href=\"https:\/\/transparencia.santanadoitarare.pr.gov.br\/legislacao\/\" target=\"_blank\" rel=\"noopener\">LEIS, DECRETOS E PORTARIAS<\/a><\/span><\/strong><\/p>\n<p style=\"padding-left: 80px;\"><strong><span style=\"font-size: 10pt;\"><a href=\"https:\/\/www.santanadoitarare.pr.gov.br\/diariooficial\/\" target=\"_blank\" rel=\"noopener\">DI\u00c1RIO OFICIAL DO MUNIC\u00cdPIO<\/a><\/span><\/strong><\/p>\n<p>&nbsp;<\/p>\n<p style=\"padding-left: 40px;\"><strong>:: TRANSPAR\u00caNCIA<\/strong><\/p>\n<p style=\"padding-left: 80px;\"><strong><span style=\"font-size: 10pt;\"><a href=\"https:\/\/transparencia.santanadoitarare.pr.gov.br\/\" target=\"_blank\" rel=\"noopener\">PORTAL TRANSPAR\u00caNCIA MUNICIPAL<\/a><\/span><\/strong><\/p>\n<p style=\"padding-left: 80px;\"><strong><span style=\"font-size: 10pt;\"><a href=\"https:\/\/transparencia.betha.cloud\/#\/ZAA6t2_GdA4J1ZCwMJsJgw==\/consulta\/38821?esconderCabecalho=N&amp;esconderMenu=N&amp;esconderRodape=N\" target=\"_blank\" rel=\"noopener\">LICITA\u00c7\u00d5ES<\/a><\/span><\/strong><\/p>\n<p style=\"padding-left: 80px;\"><strong><span style=\"font-size: 10pt;\"><a href=\"https:\/\/www.santanadoitarare.pr.gov.br\/diariooficial\/\" target=\"_blank\" rel=\"noopener\">DI\u00c1RIO OFICIAL<\/a><\/span><\/strong><\/p>\n<p style=\"padding-left: 80px;\"><strong><span style=\"font-size: 10pt;\"><a href=\"https:\/\/transparencia.santanadoitarare.pr.gov.br\/legislacao\/\" target=\"_blank\" rel=\"noopener\">LEIS, DECRETOS E PORTARIAS<\/a><\/span><\/strong><\/p>\n<p style=\"padding-left: 80px;\"><strong><span style=\"font-size: 10pt;\"><a href=\"https:\/\/www.santanadoitarare.pr.gov.br\/portal\/politica-de-privacidade\/\">POL\u00cdTICA DE PRIVACIDADE<\/a><\/span><\/strong><\/p>\n<p style=\"padding-left: 80px;\"><strong><span style=\"font-size: 10pt;\"><a href=\"https:\/\/www.santanadoitarare.pr.gov.br\/portal\/lgpd\/\">LEI GERAL DE PROTE\u00c7\u00c3O DE PROTE\u00c7\u00c3O DE DADOS<\/a><\/span><\/strong><\/p>\n<p style=\"padding-left: 80px;\"><strong><span style=\"font-size: 10pt;\"><a href=\"https:\/\/radar.tce.mt.gov.br\/extensions\/radar-da-transparencia-publica\/radar-da-transparencia-publica.html\" target=\"_blank\" rel=\"noopener\">RADAR DA TRANSPAR\u00caNCIA P\u00daBLICA<\/a><\/span><\/strong><\/p>\n<p style=\"padding-left: 80px;\"><strong><span style=\"font-size: 10pt;\"><a href=\"https:\/\/www.santanadoitarare.pr.gov.br\/portal\/mapa-do-site\/\">MAPA DO SITE<\/a><\/span><\/strong><\/p>\n<p>&nbsp;<\/p>\n<p style=\"padding-left: 40px;\"><strong>:: <a href=\"https:\/\/www.santanadoitarare.pr.gov.br\/diariooficial\/\" target=\"_blank\" rel=\"noopener\">DI\u00c1RIO OFICIAL\u00a0<\/a><\/strong><\/p>\n<p>&nbsp;<\/p>\n<p style=\"padding-left: 40px;\"><strong>:: NOTA FISCAL<\/strong><\/p>\n<p style=\"padding-left: 80px;\"><a href=\"https:\/\/e-gov.betha.com.br\/e-nota\/login.faces\" target=\"_blank\" rel=\"noopener\"><strong><span style=\"font-size: 10pt;\">EMITIR E CONSULTAR NFS-e<\/span><\/strong><\/a><\/p>\n<p style=\"padding-left: 80px;\"><a href=\"https:\/\/e-gov.betha.com.br\/livroeletronico2\/02022-020\/login.faces\" target=\"_blank\" rel=\"noopener\"><strong><span style=\"font-size: 10pt;\">LIVRO ELETRONICO<\/span><\/strong><\/a><\/p>\n<p>&nbsp;<\/p>\n<p style=\"padding-left: 40px;\"><strong>:: CIDAD\u00c3O WEB<\/strong><\/p>\n<p style=\"padding-left: 80px;\"><a href=\"https:\/\/e-gov.betha.com.br\/cdweb\/03114-355\/main.faces;jsessionid=DDE5EA379277264BAE80D7DF7C3286E1.p1node1\" target=\"_blank\" rel=\"noopener\"><strong><span style=\"font-size: 10pt;\">EMITIR CERTID\u00d5ES E GUIAS<\/span><\/strong><\/a><\/p>\n<p>&nbsp;<\/p>\n<p style=\"padding-left: 40px;\"><strong>:: FALA CIDAD\u00c3O<\/strong><\/p>\n<p style=\"padding-left: 80px;\"><a href=\"https:\/\/transparencia.santanadoitarare.pr.gov.br\/acesso-a-informacao\/\" target=\"_blank\" rel=\"noopener\"><strong><span style=\"font-size: 10pt;\">ACESSO A INFORMA\u00c7\u00c3O<\/span><\/strong><\/a><\/p>\n<p style=\"padding-left: 80px;\"><a href=\"https:\/\/transparencia.betha.cloud\/#\/ZAA6t2_GdA4J1ZCwMJsJgw==\/acesso-informacao\/solicitacao-acesso-informacao\" target=\"_blank\" rel=\"noopener\"><strong><span style=\"font-size: 10pt;\">SOLICITAR PEDIDO DE INFORMA\u00c7\u00c3O<\/span><\/strong><\/a><\/p>\n<p style=\"padding-left: 80px;\"><a href=\"https:\/\/transparencia.betha.cloud\/#\/ZAA6t2_GdA4J1ZCwMJsJgw==\/consulta-acesso-informacao\" target=\"_blank\" rel=\"noopener\"><strong><span style=\"font-size: 10pt;\">CONSULTAR PEDIDO<\/span><\/strong><\/a><\/p>\n<p>&nbsp;<\/p>\n<p>&nbsp;<\/p>\n<p style=\"padding-left: 80px;\">\n","protected":false},"excerpt":{"rendered":"<p>:: HOME\/IN\u00cdCIO :: MUNIC\u00cdPIO HIST\u00d3RIA DADOS GERAIS HINO BRAS\u00c3O E BANDEIRA FESTAS E EVENTOS CIDAD\u00c3OS ILUSTRES GALERIA DE FOTOS V\u00cdDEOS&#46;&#46;&#46;<\/p>\n","protected":false},"author":2,"featured_media":0,"parent":0,"menu_order":0,"comment_status":"closed","ping_status":"closed","template":"","meta":{"footnotes":""},"class_list":["post-6890","page","type-page","status-publish","hentry"],"_links":{"self":[{"href":"https:\/\/www.santanadoitarare.pr.gov.br\/portal\/wp-json\/wp\/v2\/pages\/6890","targetHints":{"allow":["GET"]}}],"collection":[{"href":"https:\/\/www.santanadoitarare.pr.gov.br\/portal\/wp-json\/wp\/v2\/pages"}],"about":[{"href":"https:\/\/www.santanadoitarare.pr.gov.br\/portal\/wp-json\/wp\/v2\/types\/page"}],"author":[{"embeddable":true,"href":"https:\/\/www.santanadoitarare.pr.gov.br\/portal\/wp-json\/wp\/v2\/users\/2"}],"replies":[{"embeddable":true,"href":"https:\/\/www.santanadoitarare.pr.gov.br\/portal\/wp-json\/wp\/v2\/comments?post=6890"}],"version-history":[{"count":7,"href":"https:\/\/www.santanadoitarare.pr.gov.br\/portal\/wp-json\/wp\/v2\/pages\/6890\/revisions"}],"predecessor-version":[{"id":10796,"href":"https:\/\/www.santanadoitarare.pr.gov.br\/portal\/wp-json\/wp\/v2\/pages\/6890\/revisions\/10796"}],"wp:attachment":[{"href":"https:\/\/www.santanadoitarare.pr.gov.br\/portal\/wp-json\/wp\/v2\/media?parent=6890"}],"curies":[{"name":"wp","href":"https:\/\/api.w.org\/{rel}","templated":true}]}}