{"id":70,"date":"2009-09-10T00:02:05","date_gmt":"2009-09-10T03:02:05","guid":{"rendered":"http:\/\/www.santanadoitarare.pr.gov.br\/portal\/?p=70"},"modified":"2025-02-23T16:31:59","modified_gmt":"2025-02-23T19:31:59","slug":"um-pouco-da-historia-do-municipio","status":"publish","type":"page","link":"https:\/\/www.santanadoitarare.pr.gov.br\/portal\/um-pouco-da-historia-do-municipio\/","title":{"rendered":"Um pouco da nossa Hist\u00f3ria"},"content":{"rendered":"<p><a href=\"https:\/\/www.santanadoitarare.pr.gov.br\/portal\/wp-content\/uploads\/2025\/02\/v83.png\"><img loading=\"lazy\" decoding=\"async\" class=\"aligncenter wp-image-8628\" src=\"https:\/\/www.santanadoitarare.pr.gov.br\/portal\/wp-content\/uploads\/2025\/02\/v83.png\" alt=\"\" width=\"900\" height=\"505\" srcset=\"https:\/\/www.santanadoitarare.pr.gov.br\/portal\/wp-content\/uploads\/2025\/02\/v83.png 792w, https:\/\/www.santanadoitarare.pr.gov.br\/portal\/wp-content\/uploads\/2025\/02\/v83-300x168.png 300w, https:\/\/www.santanadoitarare.pr.gov.br\/portal\/wp-content\/uploads\/2025\/02\/v83-768x431.png 768w, https:\/\/www.santanadoitarare.pr.gov.br\/portal\/wp-content\/uploads\/2025\/02\/v83-520x292.png 520w\" sizes=\"auto, (max-width: 900px) 100vw, 900px\" \/><\/a><\/p>\n<p><span style=\"font-size: medium; font-family: arial, helvetica, sans-serif;\"><strong style=\"color: black; font-size: medium; line-height: 1.5em;\">Origem do nome: Santana do Itarar\u00e9<\/strong><\/span><\/p>\n<p style=\"text-align: justify;\"><span style=\"color: #000000; font-size: medium; font-family: arial, helvetica, sans-serif;\"><strong><em><span style=\"font-size: 12pt;\">Santana &#8211; <\/span><\/em><\/strong><span style=\"font-size: 12pt;\">Palavra formada pelos termos \u201c<strong><em>santa<\/em><\/strong>\u201d e \u201c<strong><em>Ana<\/em><\/strong>\u201d. O termo \u2018\u2019<strong><em>santa<\/em><\/strong>\u2019\u2019 \u00e9 feminino de \u201c<strong><em>santo<\/em><\/strong>\u201d, termo que se origina do latim \u201c<strong><em>sanctus<\/em><\/strong>\u201d, mulher canonizada, virtuosa, digna de venera\u00e7\u00e3o, a que vive conforme os preceitos da lei divina, segundo a tradi\u00e7\u00e3o judaico-crist\u00e3. O termo \u2018\u2019<strong><em>Ana<\/em><\/strong>\u2019\u2019 vem do hebraico \u2018\u2019<strong><em>hannah<\/em><\/strong>\u2019\u2019&#8230; graciosa e no latim ficou \u2018\u2019<strong><em>ama<\/em><\/strong>\u2019\u2019&#8230; ele (Deus) favoreceu-me. Segundo os evangelhos ap\u00f3crifos, Ana seria muito idosa para ter filhos, mas um anjo veio contradizer a natureza e desta forma nasceu a Virgem Maria, M\u00e3e de Deus. A igreja canonizou Santa Ana no s\u00e9culo VI.<\/span><\/span><\/p>\n<p style=\"text-align: justify;\"><span style=\"color: #000000; font-size: 12pt; font-family: arial, helvetica, sans-serif;\"><strong><em>Itarar\u00e9 &#8211; <\/em><\/strong>Origina-se do tupi \u2018\u2019<strong><em>i\u2019ta<\/em><\/strong>\u2019\u2019&#8230; pedra + \u2018\u2019<strong><em>ra\u2019r\u00e9<\/em><\/strong>\u2019\u2019&#8230; escavada, oca: lapa cavada pelas \u00e1guas, conduto subterr\u00e2neo, sumidouro, pedra que o rio cavou.<\/span><\/p>\n<p style=\"text-align: justify;\"><span style=\"font-size: medium; font-family: arial, helvetica, sans-serif;\"><span style=\"color: #000000;\"><strong>Origem Hist\u00f3rica<\/strong><\/span><\/span><\/p>\n<p style=\"text-align: justify;\"><span style=\"font-family: arial, helvetica, sans-serif; color: #000000;\">No ano de 1845 terminava a Guerra dos Farrapos no sul do Brasil, com a promessa do Imperador D. Pedro II de criar uma nova prov\u00edncia para que esta ficasse sob influ\u00eancia ga\u00facha. Assim feito era desmembrado a 19 de dezembro de 1853 a Prov\u00edncia do Paran\u00e1 desmembrando-se de S\u00e3o Paulo, e no mesmo dia era nomeado o primeiro presidente da Prov\u00edncia ZACARIAS G\u00d3ES DE VASCONCELOS.<\/span><\/p>\n<p style=\"text-align: justify;\"><span style=\"font-family: arial, helvetica, sans-serif; color: #000000;\">O presidente preocupou-se, sobretudo em colonizar a regi\u00e3o norte da prov\u00edncia para evitar poss\u00edveis invas\u00f5es por parte dos povos hisp\u00e2nicos. Criou-se ent\u00e3o incentivos para atrair colonos; como terras em livre acesso e ajuda financeira para as primeiras safras. Atra\u00eddos pelos incentivos e desgostosos pela crise de 1842, milhares de mineiros partiram em dire\u00e7\u00e3o da nova prov\u00edncia e dentre eles a FAM\u00cdLIA BARBOSA que adquiriu uma grande quantidade de terras no norte do Paran\u00e1.<\/span><\/p>\n<p style=\"text-align: justify;\"><span style=\"font-family: arial, helvetica, sans-serif; color: #000000;\">Mesmo com todo o esfor\u00e7o do presidente, a coloniza\u00e7\u00e3o era dificultada pelos \u00edndios Xavantes e Kai-Kangs que sempre invadiam e destru\u00edam as ro\u00e7as, no intuito de expulsar os invasores de suas terras. Com este fato Zacarias G\u00f3es, envia um comunicado a Santa S\u00e9 no Vaticano pedindo a freis Jesu\u00edtas para catequizar os \u00edndios e assim facilitar a coloniza\u00e7\u00e3o. Atendendo o pedido, desembarcam no Porto de Paranagu\u00e1, em 06 de dezembro de 1854, tr\u00eas freis sendo Timotheo de Castelnovo, Pac\u00edfico de Monte Falco e Mathias de G\u00eanova. Cada um deles \u00e9 enviado para uma regi\u00e3o da prov\u00edncia e o Frei Mathias vai para o norte, para a possess\u00e3o de Nossa Senhora do Pirap\u00f3, atual Sertan\u00f3polis.<\/span><\/p>\n<p style=\"text-align: justify;\"><span style=\"font-family: arial, helvetica, sans-serif; color: #000000;\">Depois de um ano de trabalho, uma epidemia de mal\u00e1ria, faz com que o frei pedisse licen\u00e7a do comando da possess\u00e3o e seguisse para Castro para tratar de sua sa\u00fade. No decorrer da viagem ele pernoitou na Fazenda Barbosa, onde os propriet\u00e1rios JO\u00c3O BARBOSA e ANA BARBOSA contam de uma capela constru\u00edda em 30 alqueires de terras doados por eles para a Igreja Cat\u00f3lica em louvor a Santa Anna. O frei ent\u00e3o celebra uma missa e aben\u00e7oa a capela, depois segue para Castro e mais tarde Arauc\u00e1ria. Como a leva de migrantes continuava, estes fixavam moradia em torno da capela, e assim nascia no ano de 1856 a POVOA\u00c7\u00c3O DE NOSSA SENHORA SANT&#8217;ANNA DO PASSO DOS BARBOSA.<\/span><\/p>\n<p style=\"text-align: justify;\"><span style=\"font-family: arial, helvetica, sans-serif; color: #000000;\">Com o passar do tempo os moradores passaram a chamar o povoado de PASSO DOS BARBOSA, e mais tarde simplesmente BARBOSA.<\/span><\/p>\n<p style=\"text-align: justify;\"><span style=\"font-family: arial, helvetica, sans-serif; color: #000000;\">No ano de 1880 eleva-se a Comarca o munic\u00edpio de S\u00e3o Jos\u00e9 do Cristianismo, e este fica com dom\u00ednio pol\u00edtico e jur\u00eddico sobre Barbosa, que anteriormente pertencia a Comarca de Castro.<\/span><\/p>\n<p style=\"text-align: justify;\"><span style=\"font-family: arial, helvetica, sans-serif; color: #000000;\">No ano de 1891, o povoado \u00e9 elevado a categoria de Distrito e reconhecido em 1893, quando \u00e9 criado o Cart\u00f3rio do Registro Civil e de Im\u00f3veis, neste per\u00edodo o distrito j\u00e1 aparece com o nome de Santana do Itarar\u00e9, por\u00e9m n\u00e3o existe registros de quem partiu a id\u00e9ia da troca do nome.<\/span><\/p>\n<p style=\"text-align: justify;\"><span style=\"font-family: arial, helvetica, sans-serif; color: #000000;\">Um fator foi crucial na decad\u00eancia de Santana do Itarar\u00e9 e S\u00e3o Jos\u00e9 da Boa Vista. Como eram n\u00facleos mestres na regi\u00e3o o trajeto original da rede ferrovi\u00e1ria era de cortar S\u00e3o Jos\u00e9 e Santana e ent\u00e3o criar as duas esta\u00e7\u00f5es das mais importantes para o escoamento de produtos j\u00e1 que as duas ag\u00eancias fiscais ali localizavam-se. Por\u00e9m os coron\u00e9is das duas localidades, chefiados pelo Coronel Lico Pereira, n\u00e3o permitiram que o trem por ali passasse sob a alega\u00e7\u00e3o, que este iria trazer doen\u00e7as, prostitutas e ladr\u00f5es. O desvio foi feito e a estrada de ferro levada para o Patrim\u00f4nio de Novo Horizonte em 1917 e inaugurada em 1918. O Patrim\u00f4nio ent\u00e3o mudou de nome para Braz\u00f3polis, que iria dar origem ao munic\u00edpio de Wenceslau Braz, gra\u00e7as ao progresso que seguiu o trem de ferro.<\/span><\/p>\n<p style=\"text-align: justify;\"><span style=\"font-family: arial, helvetica, sans-serif; color: #000000;\">Em 1920 a divis\u00e3o territorial ordenada pelo governador do estado, oficializa o distrito de Santana do Itarar\u00e9 como parte do munic\u00edpio de S\u00e3o Jos\u00e9 da Boa Vista.<\/span><\/p>\n<p style=\"text-align: justify;\"><span style=\"font-family: arial, helvetica, sans-serif; color: #000000;\">Em 1935 o distrito de Braz\u00f3polis \u00e9 elevado a categoria de munic\u00edpio e a sede da comarca \u00e9 transferida de S\u00e3o Jos\u00e9 para o novo munic\u00edpio que chamou-se Wenceslau Braz e que agora tinha o controle de Santana do Itarar\u00e9 e de S\u00e3o Jos\u00e9 da Boa Vista que havia perdido o t\u00edtulo de munic\u00edpio.<\/span><\/p>\n<p style=\"text-align: justify;\"><span style=\"font-family: arial, helvetica, sans-serif; color: #000000;\">Na d\u00e9cada de 50 iniciam-se as lutas pela emancipa\u00e7\u00e3o do distrito, tantas foram as tentativas que no dia 25 de janeiro de 1961 o Governador Mois\u00e9s Lupion aprova a Lei Estadual N.\u00ba 4.338\/61 do Deputado Joaquim N\u00e9a de Oliveira e cria o munic\u00edpio de Santana do Itarar\u00e9, desmembrando-se de Wenceslau Braz, sua publica\u00e7\u00e3o acontece no Di\u00e1rio Oficial N.\u00ba 274 de 07 de fevereiro de 1961, e sua instala\u00e7\u00e3o deu-se a 22 de outubro de 1961 e \u00e9 empossado o primeiro prefeito eleito a 07 de outubro do mesmo ano.<\/span><\/p>\n<p class=\"MsoNormal\" style=\"text-align: justify;\"><span style=\"font-family: arial, helvetica, sans-serif; font-size: medium;\"><a href=\"http:\/\/pt.wikipedia.org\/wiki\/Santana_do_Itarar\u00e9\" target=\"_blank\" rel=\"noopener noreferrer\"><span style=\"color: windowtext;\"><strong><br \/>\nClique aqui!<\/strong> <\/span><\/a><span style=\"color: windowtext;\">E leia mais sobre o <\/span><span style=\"color: windowtext;\">nosso munic\u00edpio no Wikip\u00e9dia<\/span><\/span><\/p>\n<p class=\"MsoNormal\" style=\"text-align: justify;\"><span style=\"font-size: medium; font-family: arial, helvetica, sans-serif;\">\u00a0<\/span><\/p>\n","protected":false},"excerpt":{"rendered":"<p>Origem do nome: Santana do Itarar\u00e9 Santana &#8211; Palavra formada pelos termos \u201csanta\u201d e \u201cAna\u201d. O termo \u2018\u2019santa\u2019\u2019 \u00e9 feminino&#46;&#46;&#46;<\/p>\n","protected":false},"author":2,"featured_media":69,"parent":0,"menu_order":1,"comment_status":"closed","ping_status":"closed","template":"","meta":{"footnotes":""},"class_list":["post-70","page","type-page","status-publish","has-post-thumbnail","hentry"],"_links":{"self":[{"href":"https:\/\/www.santanadoitarare.pr.gov.br\/portal\/wp-json\/wp\/v2\/pages\/70","targetHints":{"allow":["GET"]}}],"collection":[{"href":"https:\/\/www.santanadoitarare.pr.gov.br\/portal\/wp-json\/wp\/v2\/pages"}],"about":[{"href":"https:\/\/www.santanadoitarare.pr.gov.br\/portal\/wp-json\/wp\/v2\/types\/page"}],"author":[{"embeddable":true,"href":"https:\/\/www.santanadoitarare.pr.gov.br\/portal\/wp-json\/wp\/v2\/users\/2"}],"replies":[{"embeddable":true,"href":"https:\/\/www.santanadoitarare.pr.gov.br\/portal\/wp-json\/wp\/v2\/comments?post=70"}],"version-history":[{"count":5,"href":"https:\/\/www.santanadoitarare.pr.gov.br\/portal\/wp-json\/wp\/v2\/pages\/70\/revisions"}],"predecessor-version":[{"id":8630,"href":"https:\/\/www.santanadoitarare.pr.gov.br\/portal\/wp-json\/wp\/v2\/pages\/70\/revisions\/8630"}],"wp:featuredmedia":[{"embeddable":true,"href":"https:\/\/www.santanadoitarare.pr.gov.br\/portal\/wp-json\/wp\/v2\/media\/69"}],"wp:attachment":[{"href":"https:\/\/www.santanadoitarare.pr.gov.br\/portal\/wp-json\/wp\/v2\/media?parent=70"}],"curies":[{"name":"wp","href":"https:\/\/api.w.org\/{rel}","templated":true}]}}