{"id":72,"date":"2026-05-15T22:04:43","date_gmt":"2026-05-16T01:04:43","guid":{"rendered":"https:\/\/www.santanadoitarare.pr.gov.br\/portal\/?page_id=72"},"modified":"2026-05-15T22:06:18","modified_gmt":"2026-05-16T01:06:18","slug":"links-uteis","status":"publish","type":"page","link":"https:\/\/www.santanadoitarare.pr.gov.br\/portal\/links-uteis\/","title":{"rendered":"Links \u00dateis"},"content":{"rendered":"\n<p>Apresentamos links de p\u00e1ginas da Internet que valem a pena conhecer.<\/p>\n\n\n\n<p><\/p>\n\n\n\n<p><strong>\u00d3rg\u00e3os P\u00fablicos<\/strong><\/p>\n\n\n\n<p><a href=\"http:\/\/www.amunorpi.com.br\/\" target=\"_blank\" rel=\"noreferrer noopener\">Amunorpi \u2013 Associa\u00e7\u00e3o dos Munic\u00edpios do Norte Pioneiro<\/a><\/p>\n\n\n\n<p><a href=\"https:\/\/www.santanadoitarare.pr.leg.br\/\" target=\"_blank\" rel=\"noreferrer noopener\">C\u00e2mara de Vereadores de Santana do Itarar\u00e9<\/a><\/p>\n\n\n\n<p><a href=\"http:\/\/www.codren.org\/\" target=\"_blank\" rel=\"noreferrer noopener\">Codren \u2013 Cons\u00f3rcio Intermunicipal de Desenvolv. Regional do Territ\u00f3rio Divisa Norte<\/a><\/p>\n\n\n\n<p><a href=\"http:\/\/www.soxhumberto.seed.pr.gov.br\/modules\/noticias\/\" target=\"_blank\" rel=\"noreferrer noopener\">Col\u00e9gio Estadual do Campo Humberto de Alencar Castelo Branco \u2013 EFM<\/a><\/p>\n\n\n\n<p><a href=\"https:\/\/web.archive.org\/web\/20250404071156\/http:\/\/www.brasil.gov.br\/\" target=\"_blank\" rel=\"noreferrer noopener\">Governo do Brasil<\/a><\/p>\n\n\n\n<p><a href=\"https:\/\/web.archive.org\/web\/20250404071156\/http:\/\/www.pr.gov.br\/\" target=\"_blank\" rel=\"noreferrer noopener\">Governo do Paran\u00e1<\/a><\/p>\n\n\n\n<p><a href=\"http:\/\/www.tce.pr.gov.br\/\" target=\"_blank\" rel=\"noreferrer noopener\">Tribunal de Contas do Estado do Paran\u00e1<\/a><\/p>\n\n\n\n<p><strong>Empresas do Munic\u00edpio<\/strong><\/p>\n\n\n\n<p><a href=\"http:\/\/www.propolpa.com.br\/\" target=\"_blank\" rel=\"noreferrer noopener\">Pr\u00f3 Polpa \u2013 O melhor da fruta<\/a><\/p>\n\n\n\n<p><strong>Outros<\/strong><\/p>\n\n\n\n<p><a href=\"http:\/\/pt.wikipedia.org\/wiki\/Santana_do_Itarar%C3%A9\" target=\"_blank\" rel=\"noreferrer noopener\">Santana do itarar\u00e9 no Wikip\u00e9dia<\/a><\/p>\n","protected":false},"excerpt":{"rendered":"<p>Apresentamos links de p\u00e1ginas da Internet que valem a pena conhecer. \u00d3rg\u00e3os P\u00fablicos Amunorpi \u2013 Associa\u00e7\u00e3o dos Munic\u00edpios do Norte Pioneiro C\u00e2mara de Vereadores de<\/p>\n","protected":false},"author":1,"featured_media":0,"parent":0,"menu_order":0,"comment_status":"closed","ping_status":"closed","template":"","meta":{"footnotes":""},"class_list":["post-72","page","type-page","status-publish","hentry"],"_links":{"self":[{"href":"https:\/\/www.santanadoitarare.pr.gov.br\/portal\/wp-json\/wp\/v2\/pages\/72","targetHints":{"allow":["GET"]}}],"collection":[{"href":"https:\/\/www.santanadoitarare.pr.gov.br\/portal\/wp-json\/wp\/v2\/pages"}],"about":[{"href":"https:\/\/www.santanadoitarare.pr.gov.br\/portal\/wp-json\/wp\/v2\/types\/page"}],"author":[{"embeddable":true,"href":"https:\/\/www.santanadoitarare.pr.gov.br\/portal\/wp-json\/wp\/v2\/users\/1"}],"replies":[{"embeddable":true,"href":"https:\/\/www.santanadoitarare.pr.gov.br\/portal\/wp-json\/wp\/v2\/comments?post=72"}],"version-history":[{"count":3,"href":"https:\/\/www.santanadoitarare.pr.gov.br\/portal\/wp-json\/wp\/v2\/pages\/72\/revisions"}],"predecessor-version":[{"id":75,"href":"https:\/\/www.santanadoitarare.pr.gov.br\/portal\/wp-json\/wp\/v2\/pages\/72\/revisions\/75"}],"wp:attachment":[{"href":"https:\/\/www.santanadoitarare.pr.gov.br\/portal\/wp-json\/wp\/v2\/media?parent=72"}],"curies":[{"name":"wp","href":"https:\/\/api.w.org\/{rel}","templated":true}]}}