{"id":78,"date":"2026-05-15T22:12:37","date_gmt":"2026-05-16T01:12:37","guid":{"rendered":"https:\/\/www.santanadoitarare.pr.gov.br\/portal\/?page_id=78"},"modified":"2026-05-15T22:12:37","modified_gmt":"2026-05-16T01:12:37","slug":"especial-feira-do-produtor-rural","status":"publish","type":"page","link":"https:\/\/www.santanadoitarare.pr.gov.br\/portal\/especial-feira-do-produtor-rural\/","title":{"rendered":"ESPECIAL: Feira do Produtor Rural"},"content":{"rendered":"\n<p>4 de novembro de 2019<\/p>\n\n\n\n<p>Com foco na difus\u00e3o das boas pr\u00e1ticas desenvolvidas no setor agr\u00edcola do munic\u00edpio, a Feira do Produtor Rural de Santana do Itarar\u00e9, ao longo das suas tr\u00eas edi\u00e7\u00f5es (2017, 2018 e 2019), tornou-se uma das feiras agropecu\u00e1rias mais importantes da regi\u00e3o, contribuindo para o desenvolvimento do setor agr\u00edcola, a dissemina\u00e7\u00e3o de boas pr\u00e1ticas, o est\u00edmulo ao empreendedorismo rural e a integra\u00e7\u00e3o da comunidade.<\/p>\n\n\n\n<p>Um dos principais destaques da feira \u00e9 a bovinocultura leiteira, onde o munic\u00edpio \u00e9 refer\u00eancia na produ\u00e7\u00e3o de leite de alta qualidade em pequenas propriedades rurais. O setor \u00e9 amplamente promovido durante o evento, com a realiza\u00e7\u00e3o de palestras e de exposi\u00e7\u00f5es de vacas e novilhas de alto valor gen\u00e9tico, &nbsp;resultado de um eficiente programa de insemina\u00e7\u00e3o artificial desenvolvido no munic\u00edpio (<a href=\"https:\/\/web.archive.org\/web\/20250327003407\/https:\/\/pgp-pr.org.br\/old\/projeto_page\/742\/pia-programa-de-inseminacao-artificial-a-mudanca-que-vem-do-leite\" target=\"_blank\" rel=\"noreferrer noopener\">parceria Prefeitura, empresa de gen\u00e9tica e produtores<\/a>), premiado com o trof\u00e9u&nbsp;<a href=\"https:\/\/web.archive.org\/web\/20250327003407\/https:\/\/www.santanadoitarare.pr.gov.br\/portal\/santana-do-itarare-e-premiada-com-o-trofeu-premio-gestor-publico-parana-2016\/\" target=\"_blank\" rel=\"noreferrer noopener\">Pr\u00eamio Gestor P\u00fablico Paran\u00e1 \u2013 \u201cA mudan\u00e7a que vem do leite\u201d nos anos de 2016<\/a>&nbsp;e&nbsp;<a href=\"https:\/\/web.archive.org\/web\/20250327003407\/https:\/\/www.santanadoitarare.pr.gov.br\/portal\/mais-uma-vez-santana-foi-destaque-no-cenario-estadual\/\" target=\"_blank\" rel=\"noreferrer noopener\">2017.<\/a><\/p>\n\n\n\n<p>A Feira do Produtor Rural \u00e9 concebida como um espa\u00e7o multifacetado, com diversas finalidades:<\/p>\n\n\n\n<p><strong>Neg\u00f3cios:<\/strong>&nbsp;A feira proporciona uma oportunidade para agricultores, produtores rurais e expositores apresentarem seus produtos, m\u00e1quinas, implementos agr\u00edcolas e servi\u00e7os, ampliando seus mercados e estabelecendo novas parcerias comerciais. Em suas edi\u00e7\u00f5es, a Feira contou com espa\u00e7o exclusivo para a \u201cFeira de Sabores\u201d, onde os produtos da agroind\u00fastria local foram expostos e comercializados. A feira foi a primeira vitrine dos&nbsp;<a href=\"https:\/\/web.archive.org\/web\/20250327003407\/https:\/\/www.santanadoitarare.pr.gov.br\/portal\/especial-santana-torna-se-referencia-em-producao-de-queijos-artesanais\/\" target=\"_blank\" rel=\"noreferrer noopener\">premiad\u00edssimos queijos produzidos no munic\u00edpio.<\/a><\/p>\n\n\n\n<p><strong>Difus\u00e3o de Conhecimento:<\/strong>&nbsp;Atrav\u00e9s de uma rica programa\u00e7\u00e3o de palestras ministradas numa linguagem clara e objetiva por renomados t\u00e9cnicos\/especialistas do agro, a feira tem o prop\u00f3sito de atualizar e capacitar agricultores, profissionais, acad\u00eamicos e gestores sobre as melhores t\u00e9cnicas para o desenvolvimento das atividades no campo.<\/p>\n\n\n\n<p><strong>Lazer e Entretenimento:<\/strong>&nbsp;Al\u00e9m de ser um espa\u00e7o para neg\u00f3cios e de difus\u00e3o de conhecimento. A Feira oferece um ambiente descontra\u00eddo e divertido para os visitantes, com shows musicais, gincanas, apresenta\u00e7\u00f5es de dan\u00e7a, teatro infantil e um parque de divers\u00e3o com brinquedos para todas as idades.<\/p>\n\n\n\n<p>A jun\u00e7\u00e3o de conhecimento t\u00e9cnico, entretenimento e oportunidades de neg\u00f3cio faz da Feira do Produtor Rural um evento de significativa import\u00e2ncia para o munic\u00edpio e regi\u00e3o.<\/p>\n\n\n\n<p>Desde a sua cria\u00e7\u00e3o em 2017 a prefeitura \u00e9 parceira na organiza\u00e7\u00e3o do evento, o que demonstra a import\u00e2ncia dada ao setor agr\u00edcola local e \u00e0 valoriza\u00e7\u00e3o das boas pr\u00e1ticas realizadas pelos agricultores do munic\u00edpio.<\/p>\n\n\n\n<p>Leia tamb\u00e9m:<\/p>\n\n\n\n<p><strong><a href=\"https:\/\/web.archive.org\/web\/20250327003407\/https:\/\/www.santanadoitarare.pr.gov.br\/portal\/feira-do-produtor-rural-um-evento-de-grande-importancia-para-a-vocacao-economica-da-regiao\/\">&gt;&gt; Feira do Produtor Rural 2019: Um evento de grande import\u00e2ncia para a regi\u00e3o.<\/a><\/strong><\/p>\n\n\n\n<p><strong>&gt;&gt;&nbsp;<a href=\"https:\/\/web.archive.org\/web\/20250327003407\/https:\/\/www.santanadoitarare.pr.gov.br\/portal\/feira-do-produtor-rural-ja-e-um-dos-maiores-eventos-agropecuarios-da-regiao\/\">Feira do Produtor Rural 2018:<\/a><\/strong>&nbsp;<strong><a href=\"https:\/\/web.archive.org\/web\/20250327003407\/https:\/\/www.santanadoitarare.pr.gov.br\/portal\/feira-do-produtor-rural-ja-e-um-dos-maiores-eventos-agropecuarios-da-regiao\/\">Um dos maiores eventos agropecu\u00e1rios da regi\u00e3o.<\/a><\/strong><\/p>\n\n\n\n<p><strong>&gt;&nbsp;<a href=\"https:\/\/web.archive.org\/web\/20250327003407\/https:\/\/www.santanadoitarare.pr.gov.br\/portal\/feira-do-produtor-rural-marca-os-56-anos-de-santana-do-itarare\/\">Feira do Produtor Rural 2017 marca os 56 anos de Santana do Itarar\u00e9<\/a><\/strong><\/p>\n\n\n\n<p>Para mais detalhes sobre a Feira do Produtor Rural de Santana do Itarar\u00e9,&nbsp; visite o site oficial:&nbsp;<a href=\"https:\/\/web.archive.org\/web\/20250327003407\/http:\/\/www.santanarural.com.br\/\">www.santanarural.com.br<\/a>.<\/p>\n\n\n\n<p>L\u00e1, voc\u00ea vai&nbsp; encontrar informa\u00e7\u00f5es de todas as atividades desenvolvidas no evento.<\/p>\n\n\n\n<p><\/p>\n","protected":false},"excerpt":{"rendered":"<p>4 de novembro de 2019 Com foco na difus\u00e3o das boas pr\u00e1ticas desenvolvidas no setor agr\u00edcola do munic\u00edpio, a Feira do Produtor Rural de Santana<\/p>\n","protected":false},"author":1,"featured_media":0,"parent":0,"menu_order":0,"comment_status":"closed","ping_status":"closed","template":"","meta":{"footnotes":""},"class_list":["post-78","page","type-page","status-publish","hentry"],"_links":{"self":[{"href":"https:\/\/www.santanadoitarare.pr.gov.br\/portal\/wp-json\/wp\/v2\/pages\/78","targetHints":{"allow":["GET"]}}],"collection":[{"href":"https:\/\/www.santanadoitarare.pr.gov.br\/portal\/wp-json\/wp\/v2\/pages"}],"about":[{"href":"https:\/\/www.santanadoitarare.pr.gov.br\/portal\/wp-json\/wp\/v2\/types\/page"}],"author":[{"embeddable":true,"href":"https:\/\/www.santanadoitarare.pr.gov.br\/portal\/wp-json\/wp\/v2\/users\/1"}],"replies":[{"embeddable":true,"href":"https:\/\/www.santanadoitarare.pr.gov.br\/portal\/wp-json\/wp\/v2\/comments?post=78"}],"version-history":[{"count":1,"href":"https:\/\/www.santanadoitarare.pr.gov.br\/portal\/wp-json\/wp\/v2\/pages\/78\/revisions"}],"predecessor-version":[{"id":79,"href":"https:\/\/www.santanadoitarare.pr.gov.br\/portal\/wp-json\/wp\/v2\/pages\/78\/revisions\/79"}],"wp:attachment":[{"href":"https:\/\/www.santanadoitarare.pr.gov.br\/portal\/wp-json\/wp\/v2\/media?parent=78"}],"curies":[{"name":"wp","href":"https:\/\/api.w.org\/{rel}","templated":true}]}}