{"id":82,"date":"2026-05-15T22:16:38","date_gmt":"2026-05-16T01:16:38","guid":{"rendered":"https:\/\/www.santanadoitarare.pr.gov.br\/portal\/?page_id=82"},"modified":"2026-05-15T22:16:38","modified_gmt":"2026-05-16T01:16:38","slug":"secretarios","status":"publish","type":"page","link":"https:\/\/www.santanadoitarare.pr.gov.br\/portal\/secretarios\/","title":{"rendered":"Secret\u00e1rios"},"content":{"rendered":"\n<p><strong>Secret\u00e1rio Mun. de Administra\u00e7\u00e3o<\/strong><\/p>\n\n\n\n<p>Gilmar Eg\u00eddio Pereira<\/p>\n\n\n\n<p>Fones: (43) 3771-7151 |&nbsp; (43) 3771-7152&nbsp; &nbsp;|&nbsp; &nbsp;(43) 3771-3400 | (43) 99635-6668<\/p>\n\n\n\n<p>End: Pra\u00e7a Frei Mathias de G\u00eanova, 184<\/p>\n\n\n\n<hr class=\"wp-block-separator has-alpha-channel-opacity\"\/>\n\n\n\n<p><strong>Secret\u00e1rio Mun. de Rela\u00e7\u00f5es Institucionais e planejamento<\/strong><\/p>\n\n\n\n<p>Jos\u00e9 Verg\u00edlio da Silva<\/p>\n\n\n\n<p>Fones: (43) 99900-4057<\/p>\n\n\n\n<p>End: Pra\u00e7a Frei Mathias de G\u00eanova, 184<\/p>\n\n\n\n<hr class=\"wp-block-separator has-alpha-channel-opacity\"\/>\n\n\n\n<p><strong>Secret\u00e1rio Mun. de Finan\u00e7as e Tributos<\/strong><\/p>\n\n\n\n<p>Pedro Bernardo da Luz<\/p>\n\n\n\n<p>Fones: (43) 3771-7151 |&nbsp; (43) 3771-7152&nbsp; &nbsp;|&nbsp; &nbsp;(43) 99138-0101<\/p>\n\n\n\n<p><a href=\"https:\/\/web.archive.org\/web\/20250327002904\/mailto:pedroberluz@gmail.com\">pedroberluz@gmail.com<\/a><\/p>\n\n\n\n<p>End: Pra\u00e7a Frei Mathias de G\u00eanova, 184<\/p>\n\n\n\n<hr class=\"wp-block-separator has-alpha-channel-opacity\"\/>\n\n\n\n<p><strong>Secret\u00e1rio Mun. de Sa\u00fade<\/strong><\/p>\n\n\n\n<p>Marcos Vin\u00edcius Rangel Torres<\/p>\n\n\n\n<p>Fone:&nbsp; (43) 99123-3355<\/p>\n\n\n\n<p>End: Av. Padre Ant\u00f4nio Otero Soares, 65<\/p>\n\n\n\n<hr class=\"wp-block-separator has-alpha-channel-opacity\"\/>\n\n\n\n<p><strong>Secret\u00e1rio Mun. de Educa\u00e7\u00e3o<\/strong><\/p>\n\n\n\n<p>Daniele Patriarca da Silva<\/p>\n\n\n\n<p>Fone: (43) 99141-4770<\/p>\n\n\n\n<p>E-mail: educacao@santanadoitarare.pr.gov.br<\/p>\n\n\n\n<p>End: Prefeito Jos\u00e9 de Oliveira, 170<\/p>\n\n\n\n<hr class=\"wp-block-separator has-alpha-channel-opacity\"\/>\n\n\n\n<p><strong>Secret\u00e1rio Mun. de A\u00e7\u00e3o Social<\/strong><\/p>\n\n\n\n<p>Maria Elazir Maia Michetti<\/p>\n\n\n\n<p>Fone:&nbsp; (43) 3526-1478 |&nbsp; (43) 99138-8801<\/p>\n\n\n\n<p>End: Rua Jos\u00e9 Vitalino Koproski, 165<\/p>\n\n\n\n<hr class=\"wp-block-separator has-alpha-channel-opacity\"\/>\n\n\n\n<p><strong>Secret\u00e1rio Mun. de Infraestrutura Rural<\/strong><\/p>\n\n\n\n<p>Helson Jos\u00e9 da Silva<\/p>\n\n\n\n<p>Fone: (43) 99981-0093<\/p>\n\n\n\n<p>End: Rua \u00c1lvaro Luiz Pereira, 80<\/p>\n\n\n\n<hr class=\"wp-block-separator has-alpha-channel-opacity\"\/>\n\n\n\n<p><strong>Secret\u00e1rio Mun. de Agricultura e Pecu\u00e1ria<\/strong><\/p>\n\n\n\n<p>Ney Aparecido da Silva<\/p>\n\n\n\n<p>Fone: (43) 99157-3339<\/p>\n\n\n\n<p>End: Rua Ver. Jos\u00e9 Francisco dos Santos, 160<\/p>\n\n\n\n<hr class=\"wp-block-separator has-alpha-channel-opacity\"\/>\n\n\n\n<p><strong>Secret\u00e1rio Mun. de Meio Ambiente<\/strong><\/p>\n\n\n\n<p>Fernando Cesar Ventura<\/p>\n\n\n\n<p>Fone: (43) 99149-5597<\/p>\n\n\n\n<p>E-mail: sema@santanadoitarare.pr.gov.br<\/p>\n\n\n\n<p>End: Rua Ver. Jos\u00e9 Francisco dos Santos, 160<\/p>\n\n\n\n<hr class=\"wp-block-separator has-alpha-channel-opacity\"\/>\n\n\n\n<p><strong>Secret\u00e1rio Mun. de Esporte e Lazer<\/strong><\/p>\n\n\n\n<p>Carlos Willians de Camargo<\/p>\n\n\n\n<p>Fone: (16) 99710-1456<\/p>\n\n\n\n<p>E-mail: esporte@santanadoitarare.pr.gov.br<\/p>\n\n\n\n<p>End: Rua Ver. Jos\u00e9 Francisco dos Santos, 160<\/p>\n\n\n\n<hr class=\"wp-block-separator has-alpha-channel-opacity\"\/>\n\n\n\n<p><strong>Secret\u00e1rio Mun. de Comunica\u00e7\u00e3o Social<\/strong><\/p>\n\n\n\n<p>Carlos Henrique de Souza Coutinho<\/p>\n\n\n\n<p>Fone: (43) 99185-6484<\/p>\n\n\n\n<p>E-mail: secom@santanadoitarare.pr,gov.br<\/p>\n\n\n\n<p>End: Rua Ver. Jos\u00e9 Francisco dos Santos, 160<\/p>\n\n\n\n<hr class=\"wp-block-separator has-alpha-channel-opacity\"\/>\n\n\n\n<p><strong>Secret\u00e1rio Mun. de Patrim\u00f4nio e Almoxarifado<\/strong><\/p>\n\n\n\n<p>Mario Nelson Guimar\u00e3es<\/p>\n\n\n\n<p>Fone: (43) 99612-8466<\/p>\n\n\n\n<p>E-mail: prefeitura@santanadoitarare.pr.gov.br<\/p>\n\n\n\n<p>End: Rua Ver. Jos\u00e9 Francisco dos Santos, 160<\/p>\n\n\n\n<hr class=\"wp-block-separator has-alpha-channel-opacity\"\/>\n\n\n\n<p><strong>Secret\u00e1rio Mun. de Desenvolvimento Industrial e Econ\u00f4mico<\/strong><\/p>\n\n\n\n<p>Elias Jos\u00e9 de Freitas<\/p>\n\n\n\n<p>Fone: (43) 99777-7334<\/p>\n\n\n\n<p>E-mail: secindcomtur.santanadoitarare25@gmail.com<\/p>\n\n\n\n<p>End: Rua Ver. Jos\u00e9 Francisco dos Santos, 160<\/p>\n\n\n\n<hr class=\"wp-block-separator has-alpha-channel-opacity\"\/>\n\n\n\n<p><strong>Secret\u00e1rio Mun. de Obras P\u00fablicas e Saneamento<\/strong><\/p>\n\n\n\n<p>Paulo Cesar de Azevedo<\/p>\n\n\n\n<p>Fone: (43) 99160-1236<\/p>\n\n\n\n<p>End: Pra\u00e7a Frei Mathias de G\u00eanova, 184<\/p>\n\n\n\n<hr class=\"wp-block-separator has-alpha-channel-opacity\"\/>\n\n\n\n<p><strong>Secret\u00e1rio Mun. da Cultura<\/strong><\/p>\n\n\n\n<p>Solaine Aparecida Palmonari<\/p>\n\n\n\n<p>Fone: (43) 991033774<\/p>\n\n\n\n<p>E-mail: cultura@santanadoitarare.pr.gov.br<\/p>\n\n\n\n<p>End: Rua Dona Valdomira Izac, 861<\/p>\n","protected":false},"excerpt":{"rendered":"<p>Secret\u00e1rio Mun. de Administra\u00e7\u00e3o Gilmar Eg\u00eddio Pereira Fones: (43) 3771-7151 |&nbsp; (43) 3771-7152&nbsp; &nbsp;|&nbsp; &nbsp;(43) 3771-3400 | (43) 99635-6668 End: Pra\u00e7a Frei Mathias de G\u00eanova,<\/p>\n","protected":false},"author":1,"featured_media":0,"parent":0,"menu_order":0,"comment_status":"closed","ping_status":"closed","template":"","meta":{"footnotes":""},"class_list":["post-82","page","type-page","status-publish","hentry"],"_links":{"self":[{"href":"https:\/\/www.santanadoitarare.pr.gov.br\/portal\/wp-json\/wp\/v2\/pages\/82","targetHints":{"allow":["GET"]}}],"collection":[{"href":"https:\/\/www.santanadoitarare.pr.gov.br\/portal\/wp-json\/wp\/v2\/pages"}],"about":[{"href":"https:\/\/www.santanadoitarare.pr.gov.br\/portal\/wp-json\/wp\/v2\/types\/page"}],"author":[{"embeddable":true,"href":"https:\/\/www.santanadoitarare.pr.gov.br\/portal\/wp-json\/wp\/v2\/users\/1"}],"replies":[{"embeddable":true,"href":"https:\/\/www.santanadoitarare.pr.gov.br\/portal\/wp-json\/wp\/v2\/comments?post=82"}],"version-history":[{"count":1,"href":"https:\/\/www.santanadoitarare.pr.gov.br\/portal\/wp-json\/wp\/v2\/pages\/82\/revisions"}],"predecessor-version":[{"id":83,"href":"https:\/\/www.santanadoitarare.pr.gov.br\/portal\/wp-json\/wp\/v2\/pages\/82\/revisions\/83"}],"wp:attachment":[{"href":"https:\/\/www.santanadoitarare.pr.gov.br\/portal\/wp-json\/wp\/v2\/media?parent=82"}],"curies":[{"name":"wp","href":"https:\/\/api.w.org\/{rel}","templated":true}]}}